{"id":415,"date":"2022-05-09T09:13:16","date_gmt":"2022-05-09T09:13:16","guid":{"rendered":"https:\/\/shtheme.com\/demosd\/norconwp\/?page_id=415"},"modified":"2024-11-04T08:46:59","modified_gmt":"2024-11-04T07:46:59","slug":"testimonial","status":"publish","type":"page","link":"https:\/\/www.solucionesintegralesenconstruccion.com\/en\/testimonial\/","title":{"rendered":"Testimonial"},"content":{"rendered":"<div data-elementor-type=\"wp-page\" data-elementor-id=\"415\" class=\"elementor elementor-415\">\n\t\t\t\t\t\t<section class=\"elementor-section elementor-top-section elementor-element elementor-element-b481135 elementor-section-full_width elementor-section-height-default elementor-section-height-default\" data-id=\"b481135\" data-element_type=\"section\">\n\t\t\t\t\t\t<div class=\"elementor-container elementor-column-gap-no\">\n\t\t\t\t\t<div class=\"elementor-column elementor-col-100 elementor-top-column elementor-element elementor-element-d77215f\" data-id=\"d77215f\" data-element_type=\"column\">\n\t\t\t<div class=\"elementor-widget-wrap elementor-element-populated\">\n\t\t\t\t\t\t<div class=\"elementor-element elementor-element-c8ecbd4 elementor-align-left elementor-widget elementor-widget-bdevs-banner-other\" data-id=\"c8ecbd4\" data-element_type=\"widget\" data-widget_type=\"bdevs-banner-other.default\">\n\t\t\t\t<div class=\"elementor-widget-container\">\n\t\t\t\t\t  \n<section class=\"banner-header banner-img-top section-padding valign bg-img bg-fixed\" data-overlay-dark=\"4\" data-background=\"https:\/\/shtheme.com\/demosd\/norconwp\/wp-content\/uploads\/2022\/04\/1.jpg\">\n    <div class=\"container\">\n        <div class=\"row\">\n            <div class=\"col-md-5\">\n            \t                <span id=\"banner-subtitle\">What said about us<\/span>\n                                                <h1>CUSTOMER <span>REVIEWS<\/span><\/h1>\n                            <\/div>\n        <\/div>\n    <\/div>\n<\/section>\n\n\t\t\t\t\t<\/div>\n\t\t\t\t<\/div>\n\t\t\t\t\t<\/div>\n\t\t<\/div>\n\t\t\t\t\t<\/div>\n\t\t<\/section>\n\t\t\t\t<section class=\"elementor-section elementor-top-section elementor-element elementor-element-56a8e91 elementor-section-full_width elementor-section-height-default elementor-section-height-default\" data-id=\"56a8e91\" data-element_type=\"section\">\n\t\t\t\t\t\t<div class=\"elementor-container elementor-column-gap-no\">\n\t\t\t\t\t<div class=\"elementor-column elementor-col-100 elementor-top-column elementor-element elementor-element-4be4350\" data-id=\"4be4350\" data-element_type=\"column\">\n\t\t\t<div class=\"elementor-widget-wrap elementor-element-populated\">\n\t\t\t\t\t\t<div class=\"elementor-element elementor-element-d2ff719 elementor-align-left elementor-widget elementor-widget-bdevs-testimonial2\" data-id=\"d2ff719\" data-element_type=\"widget\" data-widget_type=\"bdevs-testimonial2.default\">\n\t\t\t\t<div class=\"elementor-widget-container\">\n\t\t\t\t\t \n<section class=\"testimonials section-padding bg-gray\">\n        <div class=\"container\">\n            <div class=\"row\">\n            \t                <div class=\"col-md-4\">\n                    <div class=\"testimonials-box mb-60\">\n                        <div class=\"item\"> \n                        \t                        \t<span class=\"quote\"><img decoding=\"async\" src=\"https:\/\/shtheme.com\/demosd\/norconwp\/wp-content\/uploads\/2022\/05\/quot.png\" alt=\"\"><\/span>\n                        \t                        \t                            <p class=\"v-border\">Sed ut perspiciatis unde omnis iste natus error voluptatem accusanm doloremque laudantium, totam rem aperiam, eaque ipsa quae ab inven tore veritatis et quasi architecto beatae<\/p>\n                                                        <div class=\"info\">\n                                <div class=\"author-img\"> <img decoding=\"async\" src=\"https:\/\/shtheme.com\/demosd\/norconwp\/wp-content\/uploads\/2022\/05\/comment2.jpg\" alt=\"\"> <\/div>\n                                                                <div class=\"cont\">\n                                    <h6>Ryan Penn<\/h6> <span>Hollywood Hills, CA<\/span>\n                                <\/div>\n                                                            <\/div>\n                        <\/div>\n                    <\/div>\n                <\/div>\n                                <div class=\"col-md-4\">\n                    <div class=\"testimonials-box mb-60\">\n                        <div class=\"item\"> \n                        \t                        \t<span class=\"quote\"><img decoding=\"async\" src=\"https:\/\/shtheme.com\/demosd\/norconwp\/wp-content\/uploads\/2022\/05\/quot.png\" alt=\"\"><\/span>\n                        \t                        \t                            <p class=\"v-border\">Sed ut perspiciatis unde omnis iste natus error voluptatem accusanm doloremque laudantium, totam rem aperiam, eaque ipsa quae ab inven tore veritatis et quasi architecto beatae<\/p>\n                                                        <div class=\"info\">\n                                <div class=\"author-img\"> <img decoding=\"async\" src=\"https:\/\/shtheme.com\/demosd\/norconwp\/wp-content\/uploads\/2022\/05\/comment3.jpg\" alt=\"\"> <\/div>\n                                                                <div class=\"cont\">\n                                    <h6>Joe White<\/h6> <span>Los Angeles, CA<\/span>\n                                <\/div>\n                                                            <\/div>\n                        <\/div>\n                    <\/div>\n                <\/div>\n                                <div class=\"col-md-4\">\n                    <div class=\"testimonials-box mb-60\">\n                        <div class=\"item\"> \n                        \t                        \t<span class=\"quote\"><img decoding=\"async\" src=\"https:\/\/shtheme.com\/demosd\/norconwp\/wp-content\/uploads\/2022\/05\/quot.png\" alt=\"\"><\/span>\n                        \t                        \t                            <p class=\"v-border\">Sed ut perspiciatis unde omnis iste natus error voluptatem accusanm doloremque laudantium, totam rem aperiam, eaque ipsa quae ab inven tore veritatis et quasi architecto beatae<\/p>\n                                                        <div class=\"info\">\n                                <div class=\"author-img\"> <img decoding=\"async\" src=\"https:\/\/shtheme.com\/demosd\/norconwp\/wp-content\/uploads\/2022\/05\/comment.jpg\" alt=\"\"> <\/div>\n                                                                <div class=\"cont\">\n                                    <h6>Enrico Smith<\/h6> <span>Malibu Beach, CA<\/span>\n                                <\/div>\n                                                            <\/div>\n                        <\/div>\n                    <\/div>\n                <\/div>\n                                <div class=\"col-md-4\">\n                    <div class=\"testimonials-box mb-60\">\n                        <div class=\"item\"> \n                        \t                        \t<span class=\"quote\"><img decoding=\"async\" src=\"https:\/\/shtheme.com\/demosd\/norconwp\/wp-content\/uploads\/2022\/05\/quot.png\" alt=\"\"><\/span>\n                        \t                        \t                            <p class=\"v-border\">Sed ut perspiciatis unde omnis iste natus error voluptatem accusanm doloremque laudantium, totam rem aperiam, eaque ipsa quae ab inven tore veritatis et quasi architecto beatae<\/p>\n                                                        <div class=\"info\">\n                                <div class=\"author-img\"> <img decoding=\"async\" src=\"https:\/\/shtheme.com\/demosd\/norconwp\/wp-content\/uploads\/2022\/05\/comment4.jpg\" alt=\"\"> <\/div>\n                                                                <div class=\"cont\">\n                                    <h6>Jason Brown<\/h6> <span>Hollywood Hills, CA<\/span>\n                                <\/div>\n                                                            <\/div>\n                        <\/div>\n                    <\/div>\n                <\/div>\n                                <div class=\"col-md-4\">\n                    <div class=\"testimonials-box mb-60\">\n                        <div class=\"item\"> \n                        \t                        \t<span class=\"quote\"><img decoding=\"async\" src=\"https:\/\/shtheme.com\/demosd\/norconwp\/wp-content\/uploads\/2022\/05\/quot.png\" alt=\"\"><\/span>\n                        \t                        \t                            <p class=\"v-border\">Sed ut perspiciatis unde omnis iste natus error voluptatem accusanm doloremque laudantium, totam rem aperiam, eaque ipsa quae ab inven tore veritatis et quasi architecto beatae<\/p>\n                                                        <div class=\"info\">\n                                <div class=\"author-img\"> <img decoding=\"async\" src=\"https:\/\/shtheme.com\/demosd\/norconwp\/wp-content\/uploads\/2022\/05\/comment5.jpg\" alt=\"\"> <\/div>\n                                                                <div class=\"cont\">\n                                    <h6>John White<\/h6> <span>Los Angeles, CA<\/span>\n                                <\/div>\n                                                            <\/div>\n                        <\/div>\n                    <\/div>\n                <\/div>\n                                <div class=\"col-md-4\">\n                    <div class=\"testimonials-box mb-60\">\n                        <div class=\"item\"> \n                        \t                        \t<span class=\"quote\"><img decoding=\"async\" src=\"https:\/\/shtheme.com\/demosd\/norconwp\/wp-content\/uploads\/2022\/05\/quot.png\" alt=\"\"><\/span>\n                        \t                        \t                            <p class=\"v-border\">Sed ut perspiciatis unde omnis iste natus error voluptatem accusanm doloremque laudantium, totam rem aperiam, eaque ipsa quae ab inven tore veritatis et quasi architecto beatae<\/p>\n                                                        <div class=\"info\">\n                                <div class=\"author-img\"> <img decoding=\"async\" src=\"https:\/\/shtheme.com\/demosd\/norconwp\/wp-content\/uploads\/2022\/05\/comment6.jpg\" alt=\"\"> <\/div>\n                                                                <div class=\"cont\">\n                                    <h6>Martin Smith<\/h6> <span>Malibu Beach, CA<\/span>\n                                <\/div>\n                                                            <\/div>\n                        <\/div>\n                    <\/div>\n                <\/div>\n                            <\/div>\n        <\/div>\n    <\/section>\n\t\t\t\t\t<\/div>\n\t\t\t\t<\/div>\n\t\t\t\t\t<\/div>\n\t\t<\/div>\n\t\t\t\t\t<\/div>\n\t\t<\/section>\n\t\t\t\t<\/div>","protected":false},"excerpt":{"rendered":"<p>What said about us CUSTOMER REVIEWS Sed ut perspiciatis unde omnis iste natus error voluptatem accusanm doloremque laudantium, totam rem aperiam, eaque ipsa quae ab inven tore veritatis et quasi architecto beatae Sed ut perspiciatis unde omnis iste natus error voluptatem accusanm doloremque laudantium, totam rem aperiam, eaque ipsa quae ab inven tore veritatis et [&hellip;]<\/p>","protected":false},"author":1,"featured_media":0,"parent":0,"menu_order":0,"comment_status":"closed","ping_status":"closed","template":"page-templates\/home-page-1.php","meta":{"inline_featured_image":false,"footnotes":""},"class_list":["post-415","page","type-page","status-publish","hentry"],"yoast_head":"<!-- This site is optimized with the Yoast SEO plugin v26.5 - https:\/\/yoast.com\/wordpress\/plugins\/seo\/ -->\n<title>Testimonial - Soluciones Integrales en Construcci\u00f3n<\/title>\n<meta name=\"robots\" content=\"index, follow, max-snippet:-1, max-image-preview:large, max-video-preview:-1\" \/>\n<link rel=\"canonical\" href=\"https:\/\/www.solucionesintegralesenconstruccion.com\/en\/testimonial\/\" \/>\n<meta property=\"og:locale\" content=\"en_US\" \/>\n<meta property=\"og:type\" content=\"article\" \/>\n<meta property=\"og:title\" content=\"Testimonial - Soluciones Integrales en Construcci\u00f3n\" \/>\n<meta property=\"og:description\" content=\"What said about us CUSTOMER REVIEWS Sed ut perspiciatis unde omnis iste natus error voluptatem accusanm doloremque laudantium, totam rem aperiam, eaque ipsa quae ab inven tore veritatis et quasi architecto beatae Sed ut perspiciatis unde omnis iste natus error voluptatem accusanm doloremque laudantium, totam rem aperiam, eaque ipsa quae ab inven tore veritatis et [&hellip;]\" \/>\n<meta property=\"og:url\" content=\"https:\/\/www.solucionesintegralesenconstruccion.com\/en\/testimonial\/\" \/>\n<meta property=\"og:site_name\" content=\"Soluciones Integrales en Construcci\u00f3n\" \/>\n<meta property=\"article:modified_time\" content=\"2024-11-04T07:46:59+00:00\" \/>\n<meta property=\"og:image\" content=\"http:\/\/www.solucionesintegralesenconstruccion.com\/wp-content\/uploads\/2022\/05\/quot.png\" \/>\n<meta name=\"twitter:card\" content=\"summary_large_image\" \/>\n<meta name=\"twitter:label1\" content=\"Est. reading time\" \/>\n\t<meta name=\"twitter:data1\" content=\"1 minute\" \/>\n<script type=\"application\/ld+json\" class=\"yoast-schema-graph\">{\"@context\":\"https:\/\/schema.org\",\"@graph\":[{\"@type\":\"WebPage\",\"@id\":\"https:\/\/www.solucionesintegralesenconstruccion.com\/testimonial\/\",\"url\":\"https:\/\/www.solucionesintegralesenconstruccion.com\/testimonial\/\",\"name\":\"Testimonial - Soluciones Integrales en Construcci\u00f3n\",\"isPartOf\":{\"@id\":\"https:\/\/www.solucionesintegralesenconstruccion.com\/#website\"},\"primaryImageOfPage\":{\"@id\":\"https:\/\/www.solucionesintegralesenconstruccion.com\/testimonial\/#primaryimage\"},\"image\":{\"@id\":\"https:\/\/www.solucionesintegralesenconstruccion.com\/testimonial\/#primaryimage\"},\"thumbnailUrl\":\"http:\/\/www.solucionesintegralesenconstruccion.com\/wp-content\/uploads\/2022\/05\/quot.png\",\"datePublished\":\"2022-05-09T09:13:16+00:00\",\"dateModified\":\"2024-11-04T07:46:59+00:00\",\"breadcrumb\":{\"@id\":\"https:\/\/www.solucionesintegralesenconstruccion.com\/testimonial\/#breadcrumb\"},\"inLanguage\":\"en-US\",\"potentialAction\":[{\"@type\":\"ReadAction\",\"target\":[\"https:\/\/www.solucionesintegralesenconstruccion.com\/testimonial\/\"]}]},{\"@type\":\"ImageObject\",\"inLanguage\":\"en-US\",\"@id\":\"https:\/\/www.solucionesintegralesenconstruccion.com\/testimonial\/#primaryimage\",\"url\":\"http:\/\/www.solucionesintegralesenconstruccion.com\/wp-content\/uploads\/2022\/05\/quot.png\",\"contentUrl\":\"http:\/\/www.solucionesintegralesenconstruccion.com\/wp-content\/uploads\/2022\/05\/quot.png\"},{\"@type\":\"BreadcrumbList\",\"@id\":\"https:\/\/www.solucionesintegralesenconstruccion.com\/testimonial\/#breadcrumb\",\"itemListElement\":[{\"@type\":\"ListItem\",\"position\":1,\"name\":\"Portada\",\"item\":\"https:\/\/www.solucionesintegralesenconstruccion.com\/\"},{\"@type\":\"ListItem\",\"position\":2,\"name\":\"Testimonial\"}]},{\"@type\":\"WebSite\",\"@id\":\"https:\/\/www.solucionesintegralesenconstruccion.com\/#website\",\"url\":\"https:\/\/www.solucionesintegralesenconstruccion.com\/\",\"name\":\"Soluciones Integrales en Construcci\u00f3n\",\"description\":\"Empresa de asesor\u00eda y construcci\u00f3n. Especialistas en dise\u00f1ar, proyectar y reformar, actualizar y mejorar tus espacios cotidianos, viviendas, locales y oficinas.\",\"publisher\":{\"@id\":\"https:\/\/www.solucionesintegralesenconstruccion.com\/#organization\"},\"potentialAction\":[{\"@type\":\"SearchAction\",\"target\":{\"@type\":\"EntryPoint\",\"urlTemplate\":\"https:\/\/www.solucionesintegralesenconstruccion.com\/?s={search_term_string}\"},\"query-input\":{\"@type\":\"PropertyValueSpecification\",\"valueRequired\":true,\"valueName\":\"search_term_string\"}}],\"inLanguage\":\"en-US\"},{\"@type\":\"Organization\",\"@id\":\"https:\/\/www.solucionesintegralesenconstruccion.com\/#organization\",\"name\":\"Soluciones Integrales en Construcci\u00f3n\",\"url\":\"https:\/\/www.solucionesintegralesenconstruccion.com\/\",\"logo\":{\"@type\":\"ImageObject\",\"inLanguage\":\"en-US\",\"@id\":\"https:\/\/www.solucionesintegralesenconstruccion.com\/#\/schema\/logo\/image\/\",\"url\":\"https:\/\/www.solucionesintegralesenconstruccion.com\/wp-content\/uploads\/2024\/11\/logo-vectorizado.png\",\"contentUrl\":\"https:\/\/www.solucionesintegralesenconstruccion.com\/wp-content\/uploads\/2024\/11\/logo-vectorizado.png\",\"width\":10999,\"height\":11005,\"caption\":\"Soluciones Integrales en Construcci\u00f3n\"},\"image\":{\"@id\":\"https:\/\/www.solucionesintegralesenconstruccion.com\/#\/schema\/logo\/image\/\"}}]}<\/script>\n<!-- \/ Yoast SEO plugin. -->","yoast_head_json":{"title":"Testimonial - Soluciones Integrales en Construcci\u00f3n","robots":{"index":"index","follow":"follow","max-snippet":"max-snippet:-1","max-image-preview":"max-image-preview:large","max-video-preview":"max-video-preview:-1"},"canonical":"https:\/\/www.solucionesintegralesenconstruccion.com\/en\/testimonial\/","og_locale":"en_US","og_type":"article","og_title":"Testimonial - Soluciones Integrales en Construcci\u00f3n","og_description":"What said about us CUSTOMER REVIEWS Sed ut perspiciatis unde omnis iste natus error voluptatem accusanm doloremque laudantium, totam rem aperiam, eaque ipsa quae ab inven tore veritatis et quasi architecto beatae Sed ut perspiciatis unde omnis iste natus error voluptatem accusanm doloremque laudantium, totam rem aperiam, eaque ipsa quae ab inven tore veritatis et [&hellip;]","og_url":"https:\/\/www.solucionesintegralesenconstruccion.com\/en\/testimonial\/","og_site_name":"Soluciones Integrales en Construcci\u00f3n","article_modified_time":"2024-11-04T07:46:59+00:00","og_image":[{"url":"http:\/\/www.solucionesintegralesenconstruccion.com\/wp-content\/uploads\/2022\/05\/quot.png","type":"","width":"","height":""}],"twitter_card":"summary_large_image","twitter_misc":{"Est. reading time":"1 minute"},"schema":{"@context":"https:\/\/schema.org","@graph":[{"@type":"WebPage","@id":"https:\/\/www.solucionesintegralesenconstruccion.com\/testimonial\/","url":"https:\/\/www.solucionesintegralesenconstruccion.com\/testimonial\/","name":"Testimonial - Soluciones Integrales en Construcci\u00f3n","isPartOf":{"@id":"https:\/\/www.solucionesintegralesenconstruccion.com\/#website"},"primaryImageOfPage":{"@id":"https:\/\/www.solucionesintegralesenconstruccion.com\/testimonial\/#primaryimage"},"image":{"@id":"https:\/\/www.solucionesintegralesenconstruccion.com\/testimonial\/#primaryimage"},"thumbnailUrl":"http:\/\/www.solucionesintegralesenconstruccion.com\/wp-content\/uploads\/2022\/05\/quot.png","datePublished":"2022-05-09T09:13:16+00:00","dateModified":"2024-11-04T07:46:59+00:00","breadcrumb":{"@id":"https:\/\/www.solucionesintegralesenconstruccion.com\/testimonial\/#breadcrumb"},"inLanguage":"en-US","potentialAction":[{"@type":"ReadAction","target":["https:\/\/www.solucionesintegralesenconstruccion.com\/testimonial\/"]}]},{"@type":"ImageObject","inLanguage":"en-US","@id":"https:\/\/www.solucionesintegralesenconstruccion.com\/testimonial\/#primaryimage","url":"http:\/\/www.solucionesintegralesenconstruccion.com\/wp-content\/uploads\/2022\/05\/quot.png","contentUrl":"http:\/\/www.solucionesintegralesenconstruccion.com\/wp-content\/uploads\/2022\/05\/quot.png"},{"@type":"BreadcrumbList","@id":"https:\/\/www.solucionesintegralesenconstruccion.com\/testimonial\/#breadcrumb","itemListElement":[{"@type":"ListItem","position":1,"name":"Portada","item":"https:\/\/www.solucionesintegralesenconstruccion.com\/"},{"@type":"ListItem","position":2,"name":"Testimonial"}]},{"@type":"WebSite","@id":"https:\/\/www.solucionesintegralesenconstruccion.com\/#website","url":"https:\/\/www.solucionesintegralesenconstruccion.com\/","name":"Soluciones Integrales en Construcci\u00f3n","description":"Empresa de asesor\u00eda y construcci\u00f3n. Especialistas en dise\u00f1ar, proyectar y reformar, actualizar y mejorar tus espacios cotidianos, viviendas, locales y oficinas.","publisher":{"@id":"https:\/\/www.solucionesintegralesenconstruccion.com\/#organization"},"potentialAction":[{"@type":"SearchAction","target":{"@type":"EntryPoint","urlTemplate":"https:\/\/www.solucionesintegralesenconstruccion.com\/?s={search_term_string}"},"query-input":{"@type":"PropertyValueSpecification","valueRequired":true,"valueName":"search_term_string"}}],"inLanguage":"en-US"},{"@type":"Organization","@id":"https:\/\/www.solucionesintegralesenconstruccion.com\/#organization","name":"Soluciones Integrales en Construcci\u00f3n","url":"https:\/\/www.solucionesintegralesenconstruccion.com\/","logo":{"@type":"ImageObject","inLanguage":"en-US","@id":"https:\/\/www.solucionesintegralesenconstruccion.com\/#\/schema\/logo\/image\/","url":"https:\/\/www.solucionesintegralesenconstruccion.com\/wp-content\/uploads\/2024\/11\/logo-vectorizado.png","contentUrl":"https:\/\/www.solucionesintegralesenconstruccion.com\/wp-content\/uploads\/2024\/11\/logo-vectorizado.png","width":10999,"height":11005,"caption":"Soluciones Integrales en Construcci\u00f3n"},"image":{"@id":"https:\/\/www.solucionesintegralesenconstruccion.com\/#\/schema\/logo\/image\/"}}]}},"_links":{"self":[{"href":"https:\/\/www.solucionesintegralesenconstruccion.com\/en\/wp-json\/wp\/v2\/pages\/415","targetHints":{"allow":["GET"]}}],"collection":[{"href":"https:\/\/www.solucionesintegralesenconstruccion.com\/en\/wp-json\/wp\/v2\/pages"}],"about":[{"href":"https:\/\/www.solucionesintegralesenconstruccion.com\/en\/wp-json\/wp\/v2\/types\/page"}],"author":[{"embeddable":true,"href":"https:\/\/www.solucionesintegralesenconstruccion.com\/en\/wp-json\/wp\/v2\/users\/1"}],"replies":[{"embeddable":true,"href":"https:\/\/www.solucionesintegralesenconstruccion.com\/en\/wp-json\/wp\/v2\/comments?post=415"}],"version-history":[{"count":1,"href":"https:\/\/www.solucionesintegralesenconstruccion.com\/en\/wp-json\/wp\/v2\/pages\/415\/revisions"}],"predecessor-version":[{"id":518,"href":"https:\/\/www.solucionesintegralesenconstruccion.com\/en\/wp-json\/wp\/v2\/pages\/415\/revisions\/518"}],"wp:attachment":[{"href":"https:\/\/www.solucionesintegralesenconstruccion.com\/en\/wp-json\/wp\/v2\/media?parent=415"}],"curies":[{"name":"wp","href":"https:\/\/api.w.org\/{rel}","templated":true}]}}