{"id":375,"date":"2022-05-09T07:53:24","date_gmt":"2022-05-09T07:53:24","guid":{"rendered":"https:\/\/shtheme.com\/demosd\/norconwp\/?page_id=375"},"modified":"2024-11-04T08:46:59","modified_gmt":"2024-11-04T07:46:59","slug":"pricing","status":"publish","type":"page","link":"https:\/\/www.solucionesintegralesenconstruccion.com\/en\/pricing\/","title":{"rendered":"Pricing"},"content":{"rendered":"<div data-elementor-type=\"wp-page\" data-elementor-id=\"375\" class=\"elementor elementor-375\">\n\t\t\t\t\t\t<section class=\"elementor-section elementor-top-section elementor-element elementor-element-45f8d4a elementor-section-full_width elementor-section-height-default elementor-section-height-default\" data-id=\"45f8d4a\" data-element_type=\"section\">\n\t\t\t\t\t\t<div class=\"elementor-container elementor-column-gap-no\">\n\t\t\t\t\t<div class=\"elementor-column elementor-col-100 elementor-top-column elementor-element elementor-element-e07d412\" data-id=\"e07d412\" data-element_type=\"column\">\n\t\t\t<div class=\"elementor-widget-wrap elementor-element-populated\">\n\t\t\t\t\t\t<div class=\"elementor-element elementor-element-2aa6ac3 elementor-align-left elementor-widget elementor-widget-bdevs-banner-other\" data-id=\"2aa6ac3\" data-element_type=\"widget\" data-widget_type=\"bdevs-banner-other.default\">\n\t\t\t\t<div class=\"elementor-widget-container\">\n\t\t\t\t\t  \n<section class=\"banner-header banner-img-top section-padding valign bg-img bg-fixed\" data-overlay-dark=\"4\" data-background=\"https:\/\/shtheme.com\/demosd\/norconwp\/wp-content\/uploads\/2022\/04\/1.jpg\">\n    <div class=\"container\">\n        <div class=\"row\">\n            <div class=\"col-md-5\">\n            \t                <span id=\"banner-subtitle\">Planning Packages<\/span>\n                                                <h1>PRICING <span>PLAN<\/span><\/h1>\n                            <\/div>\n        <\/div>\n    <\/div>\n<\/section>\n\n\t\t\t\t\t<\/div>\n\t\t\t\t<\/div>\n\t\t\t\t\t<\/div>\n\t\t<\/div>\n\t\t\t\t\t<\/div>\n\t\t<\/section>\n\t\t\t\t<section class=\"elementor-section elementor-top-section elementor-element elementor-element-fc0bca9 elementor-section-full_width elementor-section-height-default elementor-section-height-default\" data-id=\"fc0bca9\" data-element_type=\"section\">\n\t\t\t\t\t\t<div class=\"elementor-container elementor-column-gap-no\">\n\t\t\t\t\t<div class=\"elementor-column elementor-col-100 elementor-top-column elementor-element elementor-element-6741476\" data-id=\"6741476\" data-element_type=\"column\">\n\t\t\t<div class=\"elementor-widget-wrap elementor-element-populated\">\n\t\t\t\t\t\t<div class=\"elementor-element elementor-element-85bccc3 elementor-align-center elementor-widget elementor-widget-bdevs-pricing\" data-id=\"85bccc3\" data-element_type=\"widget\" data-widget_type=\"bdevs-pricing.default\">\n\t\t\t\t<div class=\"elementor-widget-container\">\n\t\t\t\t\t  \r\n<div class=\"price-section price section-padding bg-gray\">\r\n    <div class=\"container\">\r\n        <div class=\"row\">\r\n        \t            <div class=\"col-md-4\">\r\n                <div class=\"item\">\r\n                    <div class=\"cont\">\r\n                    \t                        <div class=\"type\">\r\n                            <h6>Basic<\/h6> <\/div>\r\n                                                <div class=\"value\">\r\n                        \t                            <h4>2500<span>$<\/span><\/h4>\r\n                                                                                    <p>Starting From<\/p>\r\n                                                    <\/div>\r\n                        <div class=\"feat\">\r\n                            <ul>\r\n                                <li>Target estimate<\/li>\n<li>Cost plus fixed fee<\/li>\n<li><del>Architectural Design<\/del><\/li>\n<li><del>15 Year maintenance<\/del><\/li>                            <\/ul>\r\n                        <\/div>\r\n                    <\/div>\r\n                                        <a href=\"https:\/\/shtheme.com\/demosd\/norconwp\/?page_id=441\" class=\"button-secondary\">Book Now<\/a>\r\n                                    <\/div>\r\n            <\/div>\r\n                        <div class=\"col-md-4\">\r\n                <div class=\"item\">\r\n                    <div class=\"cont\">\r\n                    \t                        <div class=\"type\">\r\n                            <h6>Standard<\/h6> <\/div>\r\n                                                <div class=\"value\">\r\n                        \t                            <h4>3500<span>$<\/span><\/h4>\r\n                                                                                    <p>Starting From<\/p>\r\n                                                    <\/div>\r\n                        <div class=\"feat\">\r\n                            <ul>\r\n                                <li>Target estimate<\/li>\n<li>Cost plus fixed fee<\/li>\n<li>Architectural Design<\/li>\n<li><del>15 Year maintenance<\/del><\/li>                            <\/ul>\r\n                        <\/div>\r\n                    <\/div>\r\n                                        <a href=\"https:\/\/shtheme.com\/demosd\/norconwp\/?page_id=441\" class=\"button-secondary\">Book Now<\/a>\r\n                                    <\/div>\r\n            <\/div>\r\n                        <div class=\"col-md-4\">\r\n                <div class=\"item\">\r\n                    <div class=\"cont\">\r\n                    \t                        <div class=\"type\">\r\n                            <h6>Premium<\/h6> <\/div>\r\n                                                <div class=\"value\">\r\n                        \t                            <h4>6500<span>$<\/span><\/h4>\r\n                                                                                    <p>Starting From<\/p>\r\n                                                    <\/div>\r\n                        <div class=\"feat\">\r\n                            <ul>\r\n                                <li>Target estimate<\/li>\n<li>Cost plus fixed fee<\/li>\n<li>Architectural Design<\/li>\n<li>15 Year maintenance<\/li>                            <\/ul>\r\n                        <\/div>\r\n                    <\/div>\r\n                                        <a href=\"https:\/\/shtheme.com\/demosd\/norconwp\/?page_id=441\" class=\"button-secondary\">Book Now<\/a>\r\n                                    <\/div>\r\n            <\/div>\r\n                    <\/div>\r\n    <\/div>\r\n<\/div>\r\n\t\t\t\t\t<\/div>\n\t\t\t\t<\/div>\n\t\t\t\t\t<\/div>\n\t\t<\/div>\n\t\t\t\t\t<\/div>\n\t\t<\/section>\n\t\t\t\t<section class=\"elementor-section elementor-top-section elementor-element elementor-element-3804c5b elementor-section-full_width elementor-section-height-default elementor-section-height-default\" data-id=\"3804c5b\" data-element_type=\"section\">\n\t\t\t\t\t\t<div class=\"elementor-container elementor-column-gap-no\">\n\t\t\t\t\t<div class=\"elementor-column elementor-col-100 elementor-top-column elementor-element elementor-element-f6b0550\" data-id=\"f6b0550\" data-element_type=\"column\">\n\t\t\t<div class=\"elementor-widget-wrap elementor-element-populated\">\n\t\t\t\t\t\t<div class=\"elementor-element elementor-element-3b57d8d elementor-align-left elementor-widget elementor-widget-bdevs-testimonial\" data-id=\"3b57d8d\" data-element_type=\"widget\" data-widget_type=\"bdevs-testimonial.default\">\n\t\t\t\t<div class=\"elementor-widget-container\">\n\t\t\t\t\t \n<section class=\"testimonials\">\n    <div class=\"background bg-img bg-fixed section-padding pb-0\" data-background=\"https:\/\/shtheme.com\/demosd\/norconwp\/wp-content\/uploads\/2022\/05\/banner.jpg\" data-overlay-dark=\"4\">\n        <div class=\"container\">\n            <div class=\"row\">\n                <!-- Video -->\n                <div class=\"col-md-6 mb-30 valign\">\n                    <div class=\"vid-area\">\n                    \t                        <div class=\"vid-icon\">\n                            <a class=\"play-button vid\" href=\"https:\/\/youtu.be\/z4nO6NuEM3A\">\n                                <svg class=\"circle-fill\">\n                                    <circle cx=\"43\" cy=\"43\" r=\"39\" stroke=\"#fff\" stroke-width=\"1\"><\/circle>\n                                <\/svg>\n                                <svg class=\"circle-track\">\n                                    <circle cx=\"43\" cy=\"43\" r=\"39\" stroke=\"none\" stroke-width=\"1\" fill=\"none\"><\/circle>\n                                <\/svg> <span class=\"polygon\">\n                                    <i class=\"norcon-triangle-right\"><\/i>\n                                <\/span> <\/a>\n                        <\/div>\n                                                <div class=\"cont mt-30 mb-30\">\n                        \t                            <h6>Promo Video<\/h6>\n                                                                                    <h4>Video About Company<\/h4>\n                                                                                    <p>Video showing our 25 years of business experience.<\/p>\n                                                    <\/div>\n                    <\/div>\n                <\/div>\n                <!-- Testiominals -->\n                <div class=\"col-md-5 offset-md-1\">\n                    <div class=\"testimonials-box\">\n                        <div class=\"head-box\">\n                        \t                            <h6>What said about us<\/h6>\n                                                                                    <h4>Customer Reviews<\/h4>\n                                                    <\/div>\n                        <div class=\"owl-carousel owl-theme\">\n                        \t                            <div class=\"item\"> <span class=\"quote\"><img decoding=\"async\" src=\"https:\/\/shtheme.com\/demosd\/norconwp\/wp-content\/uploads\/2022\/05\/quot.png\" alt=\"\"><\/span>\n                                <p class=\"v-border\">Sed ut perspiciatis unde omnis iste natus error voluptatem accusanm doloremque laudantium, totam rem aperiam, eaque ipsa quae ab inven tore veritatis et quasi architecto beatae<\/p>\n                                <div class=\"info\">\n                                    <div class=\"author-img\"> <img decoding=\"async\" src=\"https:\/\/shtheme.com\/demosd\/norconwp\/wp-content\/uploads\/2022\/05\/comment2.jpg\" alt=\"\"> <\/div>\n                                    <div class=\"cont\">\n                                        <h6>Jason Brown<\/h6> <span>Hollywood Hills, CA<\/span>\n                                    <\/div>\n                                <\/div>\n                            <\/div>\n                                                        <div class=\"item\"> <span class=\"quote\"><img decoding=\"async\" src=\"https:\/\/shtheme.com\/demosd\/norconwp\/wp-content\/uploads\/2022\/05\/quot.png\" alt=\"\"><\/span>\n                                <p class=\"v-border\">Sed ut perspiciatis unde omnis iste natus error voluptatem accusanm doloremque laudantium, totam rem aperiam, eaque ipsa quae ab inven tore veritatis et quasi architecto beatae<\/p>\n                                <div class=\"info\">\n                                    <div class=\"author-img\"> <img decoding=\"async\" src=\"https:\/\/shtheme.com\/demosd\/norconwp\/wp-content\/uploads\/2022\/05\/comment3.jpg\" alt=\"\"> <\/div>\n                                    <div class=\"cont\">\n                                        <h6>Emily White<\/h6> <span>Los Angeles, CA<\/span>\n                                    <\/div>\n                                <\/div>\n                            <\/div>\n                                                        <div class=\"item\"> <span class=\"quote\"><img decoding=\"async\" src=\"https:\/\/shtheme.com\/demosd\/norconwp\/wp-content\/uploads\/2022\/05\/quot.png\" alt=\"\"><\/span>\n                                <p class=\"v-border\">Sed ut perspiciatis unde omnis iste natus error voluptatem accusanm doloremque laudantium, totam rem aperiam, eaque ipsa quae ab inven tore veritatis et quasi architecto beatae<\/p>\n                                <div class=\"info\">\n                                    <div class=\"author-img\"> <img decoding=\"async\" src=\"https:\/\/shtheme.com\/demosd\/norconwp\/wp-content\/uploads\/2022\/05\/comment.jpg\" alt=\"\"> <\/div>\n                                    <div class=\"cont\">\n                                        <h6>Enrico Smith<\/h6> <span>Malibu Beach, CA<\/span>\n                                    <\/div>\n                                <\/div>\n                            <\/div>\n                                                    <\/div>\n                    <\/div>\n                <\/div>\n            <\/div>\n        <\/div>\n    <\/div>\n<\/section>\n\t\t\t\t\t<\/div>\n\t\t\t\t<\/div>\n\t\t\t\t\t<\/div>\n\t\t<\/div>\n\t\t\t\t\t<\/div>\n\t\t<\/section>\n\t\t\t\t<section class=\"elementor-section elementor-top-section elementor-element elementor-element-37ffd55 elementor-section-full_width elementor-section-height-default elementor-section-height-default\" data-id=\"37ffd55\" data-element_type=\"section\">\n\t\t\t\t\t\t<div class=\"elementor-container elementor-column-gap-no\">\n\t\t\t\t\t<div class=\"elementor-column elementor-col-100 elementor-top-column elementor-element elementor-element-9d0ea12\" data-id=\"9d0ea12\" data-element_type=\"column\">\n\t\t\t<div class=\"elementor-widget-wrap elementor-element-populated\">\n\t\t\t\t\t\t<div class=\"elementor-element elementor-element-fba0a5e elementor-widget elementor-widget-bdevs-brand\" data-id=\"fba0a5e\" data-element_type=\"widget\" data-widget_type=\"bdevs-brand.default\">\n\t\t\t\t<div class=\"elementor-widget-container\">\n\t\t\t\t\t \n<section class=\"clients\">\n        <div class=\"container\">\n            <div class=\"row\">\n                <div class=\"col-md-7\">\n                    <div class=\"owl-carousel owl-theme\">\n                    \t                        <div class=\"clients-logo\">\n                            <a href=\"\"><img decoding=\"async\" src=\"https:\/\/shtheme.com\/demosd\/norconwp\/wp-content\/uploads\/2022\/05\/1.png\" alt=\"\"><\/a>\n                        <\/div>\n                                                <div class=\"clients-logo\">\n                            <a href=\"\"><img decoding=\"async\" src=\"https:\/\/shtheme.com\/demosd\/norconwp\/wp-content\/uploads\/2022\/05\/2.png\" alt=\"\"><\/a>\n                        <\/div>\n                                                <div class=\"clients-logo\">\n                            <a href=\"\"><img decoding=\"async\" src=\"https:\/\/shtheme.com\/demosd\/norconwp\/wp-content\/uploads\/2022\/05\/3.png\" alt=\"\"><\/a>\n                        <\/div>\n                                                <div class=\"clients-logo\">\n                            <a href=\"\"><img decoding=\"async\" src=\"https:\/\/shtheme.com\/demosd\/norconwp\/wp-content\/uploads\/2022\/05\/4.png\" alt=\"\"><\/a>\n                        <\/div>\n                                                <div class=\"clients-logo\">\n                            <a href=\"\"><img decoding=\"async\" src=\"https:\/\/shtheme.com\/demosd\/norconwp\/wp-content\/uploads\/2022\/05\/5.png\" alt=\"\"><\/a>\n                        <\/div>\n                                                <div class=\"clients-logo\">\n                            <a href=\"\"><img decoding=\"async\" src=\"https:\/\/shtheme.com\/demosd\/norconwp\/wp-content\/uploads\/2022\/05\/6.png\" alt=\"\"><\/a>\n                        <\/div>\n                                            <\/div>\n                <\/div>\n                <div class=\"col-md-5\"><\/div>\n            <\/div>\n        <\/div>\n    <\/section>\n\t\t\t\t\t<\/div>\n\t\t\t\t<\/div>\n\t\t\t\t\t<\/div>\n\t\t<\/div>\n\t\t\t\t\t<\/div>\n\t\t<\/section>\n\t\t\t\t<\/div>","protected":false},"excerpt":{"rendered":"<p>Planning Packages PRICING PLAN Basic 2500$ Starting From Target estimate Cost plus fixed fee Architectural Design 15 Year maintenance Book Now Standard 3500$ Starting From Target estimate Cost plus fixed fee Architectural Design 15 Year maintenance Book Now Premium 6500$ Starting From Target estimate Cost plus fixed fee Architectural Design 15 Year maintenance Book Now [&hellip;]<\/p>","protected":false},"author":1,"featured_media":0,"parent":0,"menu_order":0,"comment_status":"closed","ping_status":"closed","template":"page-templates\/home-page-1.php","meta":{"inline_featured_image":false,"footnotes":""},"class_list":["post-375","page","type-page","status-publish","hentry"],"yoast_head":"<!-- This site is optimized with the Yoast SEO plugin v26.5 - https:\/\/yoast.com\/wordpress\/plugins\/seo\/ -->\n<title>Pricing - Soluciones Integrales en Construcci\u00f3n<\/title>\n<meta name=\"robots\" content=\"index, follow, max-snippet:-1, max-image-preview:large, max-video-preview:-1\" \/>\n<link rel=\"canonical\" href=\"https:\/\/www.solucionesintegralesenconstruccion.com\/en\/pricing\/\" \/>\n<meta property=\"og:locale\" content=\"en_US\" \/>\n<meta property=\"og:type\" content=\"article\" \/>\n<meta property=\"og:title\" content=\"Pricing - Soluciones Integrales en Construcci\u00f3n\" \/>\n<meta property=\"og:description\" content=\"Planning Packages PRICING PLAN Basic 2500$ Starting From Target estimate Cost plus fixed fee Architectural Design 15 Year maintenance Book Now Standard 3500$ Starting From Target estimate Cost plus fixed fee Architectural Design 15 Year maintenance Book Now Premium 6500$ Starting From Target estimate Cost plus fixed fee Architectural Design 15 Year maintenance Book Now [&hellip;]\" \/>\n<meta property=\"og:url\" content=\"https:\/\/www.solucionesintegralesenconstruccion.com\/en\/pricing\/\" \/>\n<meta property=\"og:site_name\" content=\"Soluciones Integrales en Construcci\u00f3n\" \/>\n<meta property=\"article:modified_time\" content=\"2024-11-04T07:46:59+00:00\" \/>\n<meta property=\"og:image\" content=\"http:\/\/www.solucionesintegralesenconstruccion.com\/wp-content\/uploads\/2022\/05\/quot.png\" \/>\n<meta name=\"twitter:card\" content=\"summary_large_image\" \/>\n<meta name=\"twitter:label1\" content=\"Est. reading time\" \/>\n\t<meta name=\"twitter:data1\" content=\"1 minute\" \/>\n<script type=\"application\/ld+json\" class=\"yoast-schema-graph\">{\"@context\":\"https:\/\/schema.org\",\"@graph\":[{\"@type\":\"WebPage\",\"@id\":\"https:\/\/www.solucionesintegralesenconstruccion.com\/pricing\/\",\"url\":\"https:\/\/www.solucionesintegralesenconstruccion.com\/pricing\/\",\"name\":\"Pricing - Soluciones Integrales en Construcci\u00f3n\",\"isPartOf\":{\"@id\":\"https:\/\/www.solucionesintegralesenconstruccion.com\/#website\"},\"primaryImageOfPage\":{\"@id\":\"https:\/\/www.solucionesintegralesenconstruccion.com\/pricing\/#primaryimage\"},\"image\":{\"@id\":\"https:\/\/www.solucionesintegralesenconstruccion.com\/pricing\/#primaryimage\"},\"thumbnailUrl\":\"http:\/\/www.solucionesintegralesenconstruccion.com\/wp-content\/uploads\/2022\/05\/quot.png\",\"datePublished\":\"2022-05-09T07:53:24+00:00\",\"dateModified\":\"2024-11-04T07:46:59+00:00\",\"breadcrumb\":{\"@id\":\"https:\/\/www.solucionesintegralesenconstruccion.com\/pricing\/#breadcrumb\"},\"inLanguage\":\"en-US\",\"potentialAction\":[{\"@type\":\"ReadAction\",\"target\":[\"https:\/\/www.solucionesintegralesenconstruccion.com\/pricing\/\"]}]},{\"@type\":\"ImageObject\",\"inLanguage\":\"en-US\",\"@id\":\"https:\/\/www.solucionesintegralesenconstruccion.com\/pricing\/#primaryimage\",\"url\":\"http:\/\/www.solucionesintegralesenconstruccion.com\/wp-content\/uploads\/2022\/05\/quot.png\",\"contentUrl\":\"http:\/\/www.solucionesintegralesenconstruccion.com\/wp-content\/uploads\/2022\/05\/quot.png\"},{\"@type\":\"BreadcrumbList\",\"@id\":\"https:\/\/www.solucionesintegralesenconstruccion.com\/pricing\/#breadcrumb\",\"itemListElement\":[{\"@type\":\"ListItem\",\"position\":1,\"name\":\"Portada\",\"item\":\"https:\/\/www.solucionesintegralesenconstruccion.com\/\"},{\"@type\":\"ListItem\",\"position\":2,\"name\":\"Pricing\"}]},{\"@type\":\"WebSite\",\"@id\":\"https:\/\/www.solucionesintegralesenconstruccion.com\/#website\",\"url\":\"https:\/\/www.solucionesintegralesenconstruccion.com\/\",\"name\":\"Soluciones Integrales en Construcci\u00f3n\",\"description\":\"Empresa de asesor\u00eda y construcci\u00f3n. Especialistas en dise\u00f1ar, proyectar y reformar, actualizar y mejorar tus espacios cotidianos, viviendas, locales y oficinas.\",\"publisher\":{\"@id\":\"https:\/\/www.solucionesintegralesenconstruccion.com\/#organization\"},\"potentialAction\":[{\"@type\":\"SearchAction\",\"target\":{\"@type\":\"EntryPoint\",\"urlTemplate\":\"https:\/\/www.solucionesintegralesenconstruccion.com\/?s={search_term_string}\"},\"query-input\":{\"@type\":\"PropertyValueSpecification\",\"valueRequired\":true,\"valueName\":\"search_term_string\"}}],\"inLanguage\":\"en-US\"},{\"@type\":\"Organization\",\"@id\":\"https:\/\/www.solucionesintegralesenconstruccion.com\/#organization\",\"name\":\"Soluciones Integrales en Construcci\u00f3n\",\"url\":\"https:\/\/www.solucionesintegralesenconstruccion.com\/\",\"logo\":{\"@type\":\"ImageObject\",\"inLanguage\":\"en-US\",\"@id\":\"https:\/\/www.solucionesintegralesenconstruccion.com\/#\/schema\/logo\/image\/\",\"url\":\"https:\/\/www.solucionesintegralesenconstruccion.com\/wp-content\/uploads\/2024\/11\/logo-vectorizado.png\",\"contentUrl\":\"https:\/\/www.solucionesintegralesenconstruccion.com\/wp-content\/uploads\/2024\/11\/logo-vectorizado.png\",\"width\":10999,\"height\":11005,\"caption\":\"Soluciones Integrales en Construcci\u00f3n\"},\"image\":{\"@id\":\"https:\/\/www.solucionesintegralesenconstruccion.com\/#\/schema\/logo\/image\/\"}}]}<\/script>\n<!-- \/ Yoast SEO plugin. -->","yoast_head_json":{"title":"Pricing - Soluciones Integrales en Construcci\u00f3n","robots":{"index":"index","follow":"follow","max-snippet":"max-snippet:-1","max-image-preview":"max-image-preview:large","max-video-preview":"max-video-preview:-1"},"canonical":"https:\/\/www.solucionesintegralesenconstruccion.com\/en\/pricing\/","og_locale":"en_US","og_type":"article","og_title":"Pricing - Soluciones Integrales en Construcci\u00f3n","og_description":"Planning Packages PRICING PLAN Basic 2500$ Starting From Target estimate Cost plus fixed fee Architectural Design 15 Year maintenance Book Now Standard 3500$ Starting From Target estimate Cost plus fixed fee Architectural Design 15 Year maintenance Book Now Premium 6500$ Starting From Target estimate Cost plus fixed fee Architectural Design 15 Year maintenance Book Now [&hellip;]","og_url":"https:\/\/www.solucionesintegralesenconstruccion.com\/en\/pricing\/","og_site_name":"Soluciones Integrales en Construcci\u00f3n","article_modified_time":"2024-11-04T07:46:59+00:00","og_image":[{"url":"http:\/\/www.solucionesintegralesenconstruccion.com\/wp-content\/uploads\/2022\/05\/quot.png","type":"","width":"","height":""}],"twitter_card":"summary_large_image","twitter_misc":{"Est. reading time":"1 minute"},"schema":{"@context":"https:\/\/schema.org","@graph":[{"@type":"WebPage","@id":"https:\/\/www.solucionesintegralesenconstruccion.com\/pricing\/","url":"https:\/\/www.solucionesintegralesenconstruccion.com\/pricing\/","name":"Pricing - Soluciones Integrales en Construcci\u00f3n","isPartOf":{"@id":"https:\/\/www.solucionesintegralesenconstruccion.com\/#website"},"primaryImageOfPage":{"@id":"https:\/\/www.solucionesintegralesenconstruccion.com\/pricing\/#primaryimage"},"image":{"@id":"https:\/\/www.solucionesintegralesenconstruccion.com\/pricing\/#primaryimage"},"thumbnailUrl":"http:\/\/www.solucionesintegralesenconstruccion.com\/wp-content\/uploads\/2022\/05\/quot.png","datePublished":"2022-05-09T07:53:24+00:00","dateModified":"2024-11-04T07:46:59+00:00","breadcrumb":{"@id":"https:\/\/www.solucionesintegralesenconstruccion.com\/pricing\/#breadcrumb"},"inLanguage":"en-US","potentialAction":[{"@type":"ReadAction","target":["https:\/\/www.solucionesintegralesenconstruccion.com\/pricing\/"]}]},{"@type":"ImageObject","inLanguage":"en-US","@id":"https:\/\/www.solucionesintegralesenconstruccion.com\/pricing\/#primaryimage","url":"http:\/\/www.solucionesintegralesenconstruccion.com\/wp-content\/uploads\/2022\/05\/quot.png","contentUrl":"http:\/\/www.solucionesintegralesenconstruccion.com\/wp-content\/uploads\/2022\/05\/quot.png"},{"@type":"BreadcrumbList","@id":"https:\/\/www.solucionesintegralesenconstruccion.com\/pricing\/#breadcrumb","itemListElement":[{"@type":"ListItem","position":1,"name":"Portada","item":"https:\/\/www.solucionesintegralesenconstruccion.com\/"},{"@type":"ListItem","position":2,"name":"Pricing"}]},{"@type":"WebSite","@id":"https:\/\/www.solucionesintegralesenconstruccion.com\/#website","url":"https:\/\/www.solucionesintegralesenconstruccion.com\/","name":"Soluciones Integrales en Construcci\u00f3n","description":"Empresa de asesor\u00eda y construcci\u00f3n. Especialistas en dise\u00f1ar, proyectar y reformar, actualizar y mejorar tus espacios cotidianos, viviendas, locales y oficinas.","publisher":{"@id":"https:\/\/www.solucionesintegralesenconstruccion.com\/#organization"},"potentialAction":[{"@type":"SearchAction","target":{"@type":"EntryPoint","urlTemplate":"https:\/\/www.solucionesintegralesenconstruccion.com\/?s={search_term_string}"},"query-input":{"@type":"PropertyValueSpecification","valueRequired":true,"valueName":"search_term_string"}}],"inLanguage":"en-US"},{"@type":"Organization","@id":"https:\/\/www.solucionesintegralesenconstruccion.com\/#organization","name":"Soluciones Integrales en Construcci\u00f3n","url":"https:\/\/www.solucionesintegralesenconstruccion.com\/","logo":{"@type":"ImageObject","inLanguage":"en-US","@id":"https:\/\/www.solucionesintegralesenconstruccion.com\/#\/schema\/logo\/image\/","url":"https:\/\/www.solucionesintegralesenconstruccion.com\/wp-content\/uploads\/2024\/11\/logo-vectorizado.png","contentUrl":"https:\/\/www.solucionesintegralesenconstruccion.com\/wp-content\/uploads\/2024\/11\/logo-vectorizado.png","width":10999,"height":11005,"caption":"Soluciones Integrales en Construcci\u00f3n"},"image":{"@id":"https:\/\/www.solucionesintegralesenconstruccion.com\/#\/schema\/logo\/image\/"}}]}},"_links":{"self":[{"href":"https:\/\/www.solucionesintegralesenconstruccion.com\/en\/wp-json\/wp\/v2\/pages\/375","targetHints":{"allow":["GET"]}}],"collection":[{"href":"https:\/\/www.solucionesintegralesenconstruccion.com\/en\/wp-json\/wp\/v2\/pages"}],"about":[{"href":"https:\/\/www.solucionesintegralesenconstruccion.com\/en\/wp-json\/wp\/v2\/types\/page"}],"author":[{"embeddable":true,"href":"https:\/\/www.solucionesintegralesenconstruccion.com\/en\/wp-json\/wp\/v2\/users\/1"}],"replies":[{"embeddable":true,"href":"https:\/\/www.solucionesintegralesenconstruccion.com\/en\/wp-json\/wp\/v2\/comments?post=375"}],"version-history":[{"count":1,"href":"https:\/\/www.solucionesintegralesenconstruccion.com\/en\/wp-json\/wp\/v2\/pages\/375\/revisions"}],"predecessor-version":[{"id":516,"href":"https:\/\/www.solucionesintegralesenconstruccion.com\/en\/wp-json\/wp\/v2\/pages\/375\/revisions\/516"}],"wp:attachment":[{"href":"https:\/\/www.solucionesintegralesenconstruccion.com\/en\/wp-json\/wp\/v2\/media?parent=375"}],"curies":[{"name":"wp","href":"https:\/\/api.w.org\/{rel}","templated":true}]}}