{"id":322,"date":"2022-05-09T06:50:11","date_gmt":"2022-05-09T06:50:11","guid":{"rendered":"https:\/\/shtheme.com\/demosd\/norconwp\/?page_id=322"},"modified":"2024-11-08T12:02:51","modified_gmt":"2024-11-08T11:02:51","slug":"proyectos","status":"publish","type":"page","link":"https:\/\/www.solucionesintegralesenconstruccion.com\/en\/proyectos\/","title":{"rendered":"Proyectos"},"content":{"rendered":"<div data-elementor-type=\"wp-page\" data-elementor-id=\"322\" class=\"elementor elementor-322\">\n\t\t\t\t\t\t<section class=\"elementor-section elementor-top-section elementor-element elementor-element-0b76ea8 elementor-section-full_width elementor-section-height-default elementor-section-height-default\" data-id=\"0b76ea8\" data-element_type=\"section\">\n\t\t\t\t\t\t<div class=\"elementor-container elementor-column-gap-no\">\n\t\t\t\t\t<div class=\"elementor-column elementor-col-100 elementor-top-column elementor-element elementor-element-f1042bc\" data-id=\"f1042bc\" data-element_type=\"column\">\n\t\t\t<div class=\"elementor-widget-wrap elementor-element-populated\">\n\t\t\t\t\t\t<div class=\"elementor-element elementor-element-00d6ace elementor-align-left elementor-widget elementor-widget-bdevs-banner-other\" data-id=\"00d6ace\" data-element_type=\"widget\" data-widget_type=\"bdevs-banner-other.default\">\n\t\t\t\t<div class=\"elementor-widget-container\">\n\t\t\t\t\t  \n<section class=\"banner-header banner-img-top section-padding valign bg-img bg-fixed\" data-overlay-dark=\"4\" data-background=\"https:\/\/shtheme.com\/demosd\/norconwp\/wp-content\/uploads\/2022\/04\/1.jpg\">\n    <div class=\"container\">\n        <div class=\"row\">\n            <div class=\"col-md-5\">\n            \t                <span id=\"banner-subtitle\">La maxima calidad<\/span>\n                                                <h1>Nuestros <span>proyectos<\/span><\/h1>\n                            <\/div>\n        <\/div>\n    <\/div>\n<\/section>\n\n\t\t\t\t\t<\/div>\n\t\t\t\t<\/div>\n\t\t\t\t\t<\/div>\n\t\t<\/div>\n\t\t\t\t\t<\/div>\n\t\t<\/section>\n\t\t\t\t<section class=\"elementor-section elementor-top-section elementor-element elementor-element-6c32cdd elementor-section-full_width elementor-section-height-default elementor-section-height-default\" data-id=\"6c32cdd\" data-element_type=\"section\">\n\t\t\t\t\t\t<div class=\"elementor-container elementor-column-gap-no\">\n\t\t\t\t\t<div class=\"elementor-column elementor-col-100 elementor-top-column elementor-element elementor-element-19ab04e\" data-id=\"19ab04e\" data-element_type=\"column\">\n\t\t\t<div class=\"elementor-widget-wrap elementor-element-populated\">\n\t\t\t\t\t\t<div class=\"elementor-element elementor-element-3010bbb elementor-align-left elementor-widget elementor-widget-bdevs-Projects\" data-id=\"3010bbb\" data-element_type=\"widget\" data-widget_type=\"bdevs-Projects.default\">\n\t\t\t\t<div class=\"elementor-widget-container\">\n\t\t\t\t\t  \n<section class=\"projects section-padding\">\n        <div class=\"container\">\n            <div class=\"row\">\n                <div class=\"col-md-12\">\n                \t                                    <\/div>\n            <\/div>\n            <div class=\"row\">\n            \t\t                                <div class=\"col-md-12 mb-90\">\n                     \t<div class=\"projects left\">\n\t\t\t                <figure><a href=\"https:\/\/www.solucionesintegralesenconstruccion.com\/en\/project\/remodelado-interior\/\"><img decoding=\"async\" src=\"https:\/\/www.solucionesintegralesenconstruccion.com\/wp-content\/uploads\/2022\/04\/4-3.jpg\" alt=\"\" class=\"img-fluid\"><\/a><\/figure>\n\t\t\t                <div class=\"caption\">\n\t\t\t                    <span id=\"project-title\"><a href=\"https:\/\/www.solucionesintegralesenconstruccion.com\/en\/project\/remodelado-interior\/\">Remodelado de interior<\/a><\/span>\n\t\t\t                    <p>\t\t\t                            Westport, CT Interior Remodeling Quisque pretium fermentum quam, sit amet cursus ante sollicitudin morbi consequat risu consetion porttitor orci sitem iaculis nisl. Integer quis...<\/p>\n\t\t\t                    <div class=\"line-dec\"><\/div>\n\t\t\t                    <div class=\"info-wrapper\">\n\t\t\t                        <div class=\"date\"><i class=\"norcon-new-construction\"><\/i> Renovaci\u00f3n <\/div>\n\t\t\t                        <div class=\"more\"><a href=\"https:\/\/www.solucionesintegralesenconstruccion.com\/en\/project\/remodelado-interior\/\" class=\"link-btn\" tabindex=\"0\">Ver m\u00e1s<\/a><\/div>\n\t\t\t                    <\/div>\n\t\t\t                <\/div>\n\t\t\t            <\/div>\n\t\t\t        <\/div>\n                                    \n                \t            \t            \t<div class=\"col-md-12 mb-90\">\n\t\t\t            <div class=\"projects\">\n\t\t\t                <figure><a href=\"https:\/\/www.solucionesintegralesenconstruccion.com\/en\/project\/construccion-fabrica\/\"><img decoding=\"async\" src=\"https:\/\/www.solucionesintegralesenconstruccion.com\/wp-content\/uploads\/2022\/04\/1-5.jpg\" alt=\"\" class=\"img-fluid\"><\/a><\/figure>\n\t\t\t                <div class=\"caption\">\n\t\t\t                    <span id=\"project-title\"><a href=\"https:\/\/www.solucionesintegralesenconstruccion.com\/en\/project\/construccion-fabrica\/\">Construcci\u00f3n de f\u00e1brica<\/a><\/span>\n\t\t\t                    <p>\t\t\t                            Westport, CT Factory Construction Quisque pretium fermentum quam, sit amet cursus ante sollicitudin morbi consequat risu consetion porttitor orci sitem iaculis nisl. Integer quis...<\/p>\n\t\t\t                    <div class=\"line-dec\"><\/div>\n\t\t\t                    <div class=\"info-wrapper\">\n\t\t\t                        <div class=\"date\"><i class=\"norcon-new-construction\"><\/i> Construcci\u00f3n <\/div>\n\t\t\t                        <div class=\"more\"><a href=\"https:\/\/www.solucionesintegralesenconstruccion.com\/en\/project\/construccion-fabrica\/\" class=\"link-btn\" tabindex=\"0\">Ver m\u00e1s<\/a><\/div>\n\t\t\t                    <\/div>\n\t\t\t                <\/div>\n\t\t\t            <\/div>\n\t\t\t        <\/div>\n                                    \n                \t                                <div class=\"col-md-12 mb-90\">\n                     \t<div class=\"projects left\">\n\t\t\t                <figure><a href=\"https:\/\/www.solucionesintegralesenconstruccion.com\/en\/project\/construccion-residencial\/\"><img decoding=\"async\" src=\"https:\/\/www.solucionesintegralesenconstruccion.com\/wp-content\/uploads\/2022\/04\/6-1.jpg\" alt=\"\" class=\"img-fluid\"><\/a><\/figure>\n\t\t\t                <div class=\"caption\">\n\t\t\t                    <span id=\"project-title\"><a href=\"https:\/\/www.solucionesintegralesenconstruccion.com\/en\/project\/construccion-residencial\/\">Construccion residencial<\/a><\/span>\n\t\t\t                    <p>\t\t\t                            Westport, CT Residential Construction Quisque pretium fermentum quam, sit amet cursus ante sollicitudin morbi consequat risu consetion porttitor orci sitem iaculis nisl. Integer quis...<\/p>\n\t\t\t                    <div class=\"line-dec\"><\/div>\n\t\t\t                    <div class=\"info-wrapper\">\n\t\t\t                        <div class=\"date\"><i class=\"norcon-new-construction\"><\/i> Edificios <\/div>\n\t\t\t                        <div class=\"more\"><a href=\"https:\/\/www.solucionesintegralesenconstruccion.com\/en\/project\/construccion-residencial\/\" class=\"link-btn\" tabindex=\"0\">Ver m\u00e1s<\/a><\/div>\n\t\t\t                    <\/div>\n\t\t\t                <\/div>\n\t\t\t            <\/div>\n\t\t\t        <\/div>\n                                    \n                \t            \t            \t<div class=\"col-md-12 mb-90\">\n\t\t\t            <div class=\"projects\">\n\t\t\t                <figure><a href=\"https:\/\/www.solucionesintegralesenconstruccion.com\/en\/project\/construccion-estacion-fotovoltaica\/\"><img decoding=\"async\" src=\"https:\/\/www.solucionesintegralesenconstruccion.com\/wp-content\/uploads\/2022\/04\/3.jpg\" alt=\"\" class=\"img-fluid\"><\/a><\/figure>\n\t\t\t                <div class=\"caption\">\n\t\t\t                    <span id=\"project-title\"><a href=\"https:\/\/www.solucionesintegralesenconstruccion.com\/en\/project\/construccion-estacion-fotovoltaica\/\">Construcci\u00f3n de estaci\u00f3n fotovoltaica<\/a><\/span>\n\t\t\t                    <p>\t\t\t                            Westport, CT Solar Energy Construction Quisque pretium fermentum quam, sit amet cursus ante sollicitudin morbi consequat risu consetion porttitor orci sitem iaculis nisl. Integer...<\/p>\n\t\t\t                    <div class=\"line-dec\"><\/div>\n\t\t\t                    <div class=\"info-wrapper\">\n\t\t\t                        <div class=\"date\"><i class=\"norcon-new-construction\"><\/i> Renovaci\u00f3n <\/div>\n\t\t\t                        <div class=\"more\"><a href=\"https:\/\/www.solucionesintegralesenconstruccion.com\/en\/project\/construccion-estacion-fotovoltaica\/\" class=\"link-btn\" tabindex=\"0\">Ver m\u00e1s<\/a><\/div>\n\t\t\t                    <\/div>\n\t\t\t                <\/div>\n\t\t\t            <\/div>\n\t\t\t        <\/div>\n                                    \n                                \n            <\/div>\n        <\/div>\n    <\/section>\n\t\t\t\t\t<\/div>\n\t\t\t\t<\/div>\n\t\t\t\t\t<\/div>\n\t\t<\/div>\n\t\t\t\t\t<\/div>\n\t\t<\/section>\n\t\t\t\t<\/div>","protected":false},"excerpt":{"rendered":"<p>La maxima calidad Nuestros proyectos Remodelado de interior Westport, CT Interior Remodeling Quisque pretium fermentum quam, sit amet cursus ante sollicitudin morbi consequat risu consetion porttitor orci sitem iaculis nisl. Integer quis&#8230; Renovation Ver m\u00e1s Construcci\u00f3n de f\u00e1brica Westport, CT Factory Construction Quisque pretium fermentum quam, sit amet cursus ante sollicitudin morbi consequat risu consetion [&hellip;]<\/p>","protected":false},"author":1,"featured_media":0,"parent":0,"menu_order":0,"comment_status":"closed","ping_status":"closed","template":"page-templates\/home-page-1.php","meta":{"inline_featured_image":false,"footnotes":""},"class_list":["post-322","page","type-page","status-publish","hentry"],"yoast_head":"<!-- This site is optimized with the Yoast SEO plugin v26.5 - https:\/\/yoast.com\/wordpress\/plugins\/seo\/ -->\n<title>Proyectos - Soluciones Integrales en Construcci\u00f3n<\/title>\n<meta name=\"robots\" content=\"index, follow, max-snippet:-1, max-image-preview:large, max-video-preview:-1\" \/>\n<link rel=\"canonical\" href=\"https:\/\/www.solucionesintegralesenconstruccion.com\/en\/proyectos\/\" \/>\n<meta property=\"og:locale\" content=\"en_US\" \/>\n<meta property=\"og:type\" content=\"article\" \/>\n<meta property=\"og:title\" content=\"Proyectos - Soluciones Integrales en Construcci\u00f3n\" \/>\n<meta property=\"og:description\" content=\"La maxima calidad Nuestros proyectos Remodelado de interior Westport, CT Interior Remodeling Quisque pretium fermentum quam, sit amet cursus ante sollicitudin morbi consequat risu consetion porttitor orci sitem iaculis nisl. Integer quis&#8230; Renovation Ver m\u00e1s Construcci\u00f3n de f\u00e1brica Westport, CT Factory Construction Quisque pretium fermentum quam, sit amet cursus ante sollicitudin morbi consequat risu consetion [&hellip;]\" \/>\n<meta property=\"og:url\" content=\"https:\/\/www.solucionesintegralesenconstruccion.com\/en\/proyectos\/\" \/>\n<meta property=\"og:site_name\" content=\"Soluciones Integrales en Construcci\u00f3n\" \/>\n<meta property=\"article:modified_time\" content=\"2024-11-08T11:02:51+00:00\" \/>\n<meta property=\"og:image\" content=\"http:\/\/www.solucionesintegralesenconstruccion.com\/wp-content\/uploads\/2022\/04\/4-3.jpg\" \/>\n<meta name=\"twitter:card\" content=\"summary_large_image\" \/>\n<meta name=\"twitter:label1\" content=\"Est. reading time\" \/>\n\t<meta name=\"twitter:data1\" content=\"2 minutes\" \/>\n<script type=\"application\/ld+json\" class=\"yoast-schema-graph\">{\"@context\":\"https:\/\/schema.org\",\"@graph\":[{\"@type\":\"WebPage\",\"@id\":\"https:\/\/www.solucionesintegralesenconstruccion.com\/proyectos\/\",\"url\":\"https:\/\/www.solucionesintegralesenconstruccion.com\/proyectos\/\",\"name\":\"Proyectos - Soluciones Integrales en Construcci\u00f3n\",\"isPartOf\":{\"@id\":\"https:\/\/www.solucionesintegralesenconstruccion.com\/#website\"},\"primaryImageOfPage\":{\"@id\":\"https:\/\/www.solucionesintegralesenconstruccion.com\/proyectos\/#primaryimage\"},\"image\":{\"@id\":\"https:\/\/www.solucionesintegralesenconstruccion.com\/proyectos\/#primaryimage\"},\"thumbnailUrl\":\"http:\/\/www.solucionesintegralesenconstruccion.com\/wp-content\/uploads\/2022\/04\/4-3.jpg\",\"datePublished\":\"2022-05-09T06:50:11+00:00\",\"dateModified\":\"2024-11-08T11:02:51+00:00\",\"breadcrumb\":{\"@id\":\"https:\/\/www.solucionesintegralesenconstruccion.com\/proyectos\/#breadcrumb\"},\"inLanguage\":\"en-US\",\"potentialAction\":[{\"@type\":\"ReadAction\",\"target\":[\"https:\/\/www.solucionesintegralesenconstruccion.com\/proyectos\/\"]}]},{\"@type\":\"ImageObject\",\"inLanguage\":\"en-US\",\"@id\":\"https:\/\/www.solucionesintegralesenconstruccion.com\/proyectos\/#primaryimage\",\"url\":\"http:\/\/www.solucionesintegralesenconstruccion.com\/wp-content\/uploads\/2022\/04\/4-3.jpg\",\"contentUrl\":\"http:\/\/www.solucionesintegralesenconstruccion.com\/wp-content\/uploads\/2022\/04\/4-3.jpg\"},{\"@type\":\"BreadcrumbList\",\"@id\":\"https:\/\/www.solucionesintegralesenconstruccion.com\/proyectos\/#breadcrumb\",\"itemListElement\":[{\"@type\":\"ListItem\",\"position\":1,\"name\":\"Portada\",\"item\":\"https:\/\/www.solucionesintegralesenconstruccion.com\/\"},{\"@type\":\"ListItem\",\"position\":2,\"name\":\"Proyectos\"}]},{\"@type\":\"WebSite\",\"@id\":\"https:\/\/www.solucionesintegralesenconstruccion.com\/#website\",\"url\":\"https:\/\/www.solucionesintegralesenconstruccion.com\/\",\"name\":\"Soluciones Integrales en Construcci\u00f3n\",\"description\":\"Empresa de asesor\u00eda y construcci\u00f3n. Especialistas en dise\u00f1ar, proyectar y reformar, actualizar y mejorar tus espacios cotidianos, viviendas, locales y oficinas.\",\"publisher\":{\"@id\":\"https:\/\/www.solucionesintegralesenconstruccion.com\/#organization\"},\"potentialAction\":[{\"@type\":\"SearchAction\",\"target\":{\"@type\":\"EntryPoint\",\"urlTemplate\":\"https:\/\/www.solucionesintegralesenconstruccion.com\/?s={search_term_string}\"},\"query-input\":{\"@type\":\"PropertyValueSpecification\",\"valueRequired\":true,\"valueName\":\"search_term_string\"}}],\"inLanguage\":\"en-US\"},{\"@type\":\"Organization\",\"@id\":\"https:\/\/www.solucionesintegralesenconstruccion.com\/#organization\",\"name\":\"Soluciones Integrales en Construcci\u00f3n\",\"url\":\"https:\/\/www.solucionesintegralesenconstruccion.com\/\",\"logo\":{\"@type\":\"ImageObject\",\"inLanguage\":\"en-US\",\"@id\":\"https:\/\/www.solucionesintegralesenconstruccion.com\/#\/schema\/logo\/image\/\",\"url\":\"https:\/\/www.solucionesintegralesenconstruccion.com\/wp-content\/uploads\/2024\/11\/logo-vectorizado.png\",\"contentUrl\":\"https:\/\/www.solucionesintegralesenconstruccion.com\/wp-content\/uploads\/2024\/11\/logo-vectorizado.png\",\"width\":10999,\"height\":11005,\"caption\":\"Soluciones Integrales en Construcci\u00f3n\"},\"image\":{\"@id\":\"https:\/\/www.solucionesintegralesenconstruccion.com\/#\/schema\/logo\/image\/\"}}]}<\/script>\n<!-- \/ Yoast SEO plugin. -->","yoast_head_json":{"title":"Proyectos - Soluciones Integrales en Construcci\u00f3n","robots":{"index":"index","follow":"follow","max-snippet":"max-snippet:-1","max-image-preview":"max-image-preview:large","max-video-preview":"max-video-preview:-1"},"canonical":"https:\/\/www.solucionesintegralesenconstruccion.com\/en\/proyectos\/","og_locale":"en_US","og_type":"article","og_title":"Proyectos - Soluciones Integrales en Construcci\u00f3n","og_description":"La maxima calidad Nuestros proyectos Remodelado de interior Westport, CT Interior Remodeling Quisque pretium fermentum quam, sit amet cursus ante sollicitudin morbi consequat risu consetion porttitor orci sitem iaculis nisl. Integer quis&#8230; Renovation Ver m\u00e1s Construcci\u00f3n de f\u00e1brica Westport, CT Factory Construction Quisque pretium fermentum quam, sit amet cursus ante sollicitudin morbi consequat risu consetion [&hellip;]","og_url":"https:\/\/www.solucionesintegralesenconstruccion.com\/en\/proyectos\/","og_site_name":"Soluciones Integrales en Construcci\u00f3n","article_modified_time":"2024-11-08T11:02:51+00:00","og_image":[{"url":"http:\/\/www.solucionesintegralesenconstruccion.com\/wp-content\/uploads\/2022\/04\/4-3.jpg","type":"","width":"","height":""}],"twitter_card":"summary_large_image","twitter_misc":{"Est. reading time":"2 minutes"},"schema":{"@context":"https:\/\/schema.org","@graph":[{"@type":"WebPage","@id":"https:\/\/www.solucionesintegralesenconstruccion.com\/proyectos\/","url":"https:\/\/www.solucionesintegralesenconstruccion.com\/proyectos\/","name":"Proyectos - Soluciones Integrales en Construcci\u00f3n","isPartOf":{"@id":"https:\/\/www.solucionesintegralesenconstruccion.com\/#website"},"primaryImageOfPage":{"@id":"https:\/\/www.solucionesintegralesenconstruccion.com\/proyectos\/#primaryimage"},"image":{"@id":"https:\/\/www.solucionesintegralesenconstruccion.com\/proyectos\/#primaryimage"},"thumbnailUrl":"http:\/\/www.solucionesintegralesenconstruccion.com\/wp-content\/uploads\/2022\/04\/4-3.jpg","datePublished":"2022-05-09T06:50:11+00:00","dateModified":"2024-11-08T11:02:51+00:00","breadcrumb":{"@id":"https:\/\/www.solucionesintegralesenconstruccion.com\/proyectos\/#breadcrumb"},"inLanguage":"en-US","potentialAction":[{"@type":"ReadAction","target":["https:\/\/www.solucionesintegralesenconstruccion.com\/proyectos\/"]}]},{"@type":"ImageObject","inLanguage":"en-US","@id":"https:\/\/www.solucionesintegralesenconstruccion.com\/proyectos\/#primaryimage","url":"http:\/\/www.solucionesintegralesenconstruccion.com\/wp-content\/uploads\/2022\/04\/4-3.jpg","contentUrl":"http:\/\/www.solucionesintegralesenconstruccion.com\/wp-content\/uploads\/2022\/04\/4-3.jpg"},{"@type":"BreadcrumbList","@id":"https:\/\/www.solucionesintegralesenconstruccion.com\/proyectos\/#breadcrumb","itemListElement":[{"@type":"ListItem","position":1,"name":"Portada","item":"https:\/\/www.solucionesintegralesenconstruccion.com\/"},{"@type":"ListItem","position":2,"name":"Proyectos"}]},{"@type":"WebSite","@id":"https:\/\/www.solucionesintegralesenconstruccion.com\/#website","url":"https:\/\/www.solucionesintegralesenconstruccion.com\/","name":"Soluciones Integrales en Construcci\u00f3n","description":"Empresa de asesor\u00eda y construcci\u00f3n. Especialistas en dise\u00f1ar, proyectar y reformar, actualizar y mejorar tus espacios cotidianos, viviendas, locales y oficinas.","publisher":{"@id":"https:\/\/www.solucionesintegralesenconstruccion.com\/#organization"},"potentialAction":[{"@type":"SearchAction","target":{"@type":"EntryPoint","urlTemplate":"https:\/\/www.solucionesintegralesenconstruccion.com\/?s={search_term_string}"},"query-input":{"@type":"PropertyValueSpecification","valueRequired":true,"valueName":"search_term_string"}}],"inLanguage":"en-US"},{"@type":"Organization","@id":"https:\/\/www.solucionesintegralesenconstruccion.com\/#organization","name":"Soluciones Integrales en Construcci\u00f3n","url":"https:\/\/www.solucionesintegralesenconstruccion.com\/","logo":{"@type":"ImageObject","inLanguage":"en-US","@id":"https:\/\/www.solucionesintegralesenconstruccion.com\/#\/schema\/logo\/image\/","url":"https:\/\/www.solucionesintegralesenconstruccion.com\/wp-content\/uploads\/2024\/11\/logo-vectorizado.png","contentUrl":"https:\/\/www.solucionesintegralesenconstruccion.com\/wp-content\/uploads\/2024\/11\/logo-vectorizado.png","width":10999,"height":11005,"caption":"Soluciones Integrales en Construcci\u00f3n"},"image":{"@id":"https:\/\/www.solucionesintegralesenconstruccion.com\/#\/schema\/logo\/image\/"}}]}},"_links":{"self":[{"href":"https:\/\/www.solucionesintegralesenconstruccion.com\/en\/wp-json\/wp\/v2\/pages\/322","targetHints":{"allow":["GET"]}}],"collection":[{"href":"https:\/\/www.solucionesintegralesenconstruccion.com\/en\/wp-json\/wp\/v2\/pages"}],"about":[{"href":"https:\/\/www.solucionesintegralesenconstruccion.com\/en\/wp-json\/wp\/v2\/types\/page"}],"author":[{"embeddable":true,"href":"https:\/\/www.solucionesintegralesenconstruccion.com\/en\/wp-json\/wp\/v2\/users\/1"}],"replies":[{"embeddable":true,"href":"https:\/\/www.solucionesintegralesenconstruccion.com\/en\/wp-json\/wp\/v2\/comments?post=322"}],"version-history":[{"count":8,"href":"https:\/\/www.solucionesintegralesenconstruccion.com\/en\/wp-json\/wp\/v2\/pages\/322\/revisions"}],"predecessor-version":[{"id":634,"href":"https:\/\/www.solucionesintegralesenconstruccion.com\/en\/wp-json\/wp\/v2\/pages\/322\/revisions\/634"}],"wp:attachment":[{"href":"https:\/\/www.solucionesintegralesenconstruccion.com\/en\/wp-json\/wp\/v2\/media?parent=322"}],"curies":[{"name":"wp","href":"https:\/\/api.w.org\/{rel}","templated":true}]}}