{"id":258,"date":"2022-05-09T03:24:27","date_gmt":"2022-05-09T03:24:27","guid":{"rendered":"https:\/\/shtheme.com\/demosd\/norconwp\/?page_id=258"},"modified":"2025-05-14T11:48:58","modified_gmt":"2025-05-14T09:48:58","slug":"sobre-nosotros","status":"publish","type":"page","link":"https:\/\/www.solucionesintegralesenconstruccion.com\/en\/sobre-nosotros\/","title":{"rendered":"Sobre nosotros"},"content":{"rendered":"<div data-elementor-type=\"wp-page\" data-elementor-id=\"258\" class=\"elementor elementor-258\">\n\t\t\t\t\t\t<section class=\"elementor-section elementor-top-section elementor-element elementor-element-d0a4131 elementor-section-full_width elementor-section-height-default elementor-section-height-default\" data-id=\"d0a4131\" data-element_type=\"section\">\n\t\t\t\t\t\t<div class=\"elementor-container elementor-column-gap-no\">\n\t\t\t\t\t<div class=\"elementor-column elementor-col-100 elementor-top-column elementor-element elementor-element-0d71d0e\" data-id=\"0d71d0e\" data-element_type=\"column\">\n\t\t\t<div class=\"elementor-widget-wrap elementor-element-populated\">\n\t\t\t\t\t\t<div class=\"elementor-element elementor-element-e1bbd07 elementor-align-left elementor-widget elementor-widget-bdevs-banner-other\" data-id=\"e1bbd07\" data-element_type=\"widget\" data-widget_type=\"bdevs-banner-other.default\">\n\t\t\t\t<div class=\"elementor-widget-container\">\n\t\t\t\t\t  \n<section class=\"banner-header banner-img-top section-padding valign bg-img bg-fixed\" data-overlay-dark=\"4\" data-background=\"https:\/\/shtheme.com\/demosd\/norconwp\/wp-content\/uploads\/2022\/04\/1.jpg\">\n    <div class=\"container\">\n        <div class=\"row\">\n            <div class=\"col-md-5\">\n            \t                <span id=\"banner-subtitle\">Empresa de construcci\u00f3n<\/span>\n                                                <h1>Sobre <span>Nosotros<\/span><\/h1>\n                            <\/div>\n        <\/div>\n    <\/div>\n<\/section>\n\n\t\t\t\t\t<\/div>\n\t\t\t\t<\/div>\n\t\t\t\t\t<\/div>\n\t\t<\/div>\n\t\t\t\t\t<\/div>\n\t\t<\/section>\n\t\t\t\t<section class=\"elementor-section elementor-top-section elementor-element elementor-element-fee94d8 elementor-section-full_width elementor-section-height-default elementor-section-height-default\" data-id=\"fee94d8\" data-element_type=\"section\">\n\t\t\t\t\t\t<div class=\"elementor-container elementor-column-gap-no\">\n\t\t\t\t\t<div class=\"elementor-column elementor-col-100 elementor-top-column elementor-element elementor-element-93b904b\" data-id=\"93b904b\" data-element_type=\"column\">\n\t\t\t<div class=\"elementor-widget-wrap\">\n\t\t\t\t\t\t\t<\/div>\n\t\t<\/div>\n\t\t\t\t\t<\/div>\n\t\t<\/section>\n\t\t\t\t<section class=\"elementor-section elementor-top-section elementor-element elementor-element-4be58dd elementor-section-full_width elementor-section-height-default elementor-section-height-default\" data-id=\"4be58dd\" data-element_type=\"section\">\n\t\t\t\t\t\t<div class=\"elementor-container elementor-column-gap-no\">\n\t\t\t\t\t<div class=\"elementor-column elementor-col-100 elementor-top-column elementor-element elementor-element-6a4cb67\" data-id=\"6a4cb67\" data-element_type=\"column\">\n\t\t\t<div class=\"elementor-widget-wrap elementor-element-populated\">\n\t\t\t\t\t\t<div class=\"elementor-element elementor-element-d72af1d elementor-align-justify e-transform elementor-widget elementor-widget-bdevs-about\" data-id=\"d72af1d\" data-element_type=\"widget\" data-settings=\"{&quot;_animation&quot;:&quot;none&quot;,&quot;_transform_translateY_effect&quot;:{&quot;unit&quot;:&quot;px&quot;,&quot;size&quot;:0,&quot;sizes&quot;:[]},&quot;_transform_translateX_effect&quot;:{&quot;unit&quot;:&quot;px&quot;,&quot;size&quot;:&quot;&quot;,&quot;sizes&quot;:[]},&quot;_transform_translateX_effect_tablet&quot;:{&quot;unit&quot;:&quot;px&quot;,&quot;size&quot;:&quot;&quot;,&quot;sizes&quot;:[]},&quot;_transform_translateX_effect_mobile&quot;:{&quot;unit&quot;:&quot;px&quot;,&quot;size&quot;:&quot;&quot;,&quot;sizes&quot;:[]},&quot;_transform_translateY_effect_tablet&quot;:{&quot;unit&quot;:&quot;px&quot;,&quot;size&quot;:&quot;&quot;,&quot;sizes&quot;:[]},&quot;_transform_translateY_effect_mobile&quot;:{&quot;unit&quot;:&quot;px&quot;,&quot;size&quot;:&quot;&quot;,&quot;sizes&quot;:[]}}\" data-widget_type=\"bdevs-about.default\">\n\t\t\t\t<div class=\"elementor-widget-container\">\n\t\t\t\t\t \n<section class=\"about section-padding\">\n        <div class=\"container\">\n            <div class=\"row\">\n                <div class=\"col-md-6 mb-30\">\n                \t                    <div class=\"section-subtitle\">Empresa de construcci\u00f3n<\/div>\n                                                            <div class=\"section-title\">Qui\u00e9nes <span>somos<\/span><\/div>\n                                                            Somos una empresa de construcci\u00f3n comprometida con la creaci\u00f3n de proyectos de calidad que transforman espacios y comunidades. Desde nuestra fundaci\u00f3n en el a\u00f1o 2000, nos especializamos en ofrecer soluciones innovadoras y sostenibles, adapt\u00e1ndonos a las necesidades de cada cliente y superando sus expectativas. Con un equipo de profesionales altamente capacitados y una s\u00f3lida experiencia en el sector, nos dedicamos a la construcci\u00f3n y a la reforma de viviendas, edificios comerciales, comunidades, locales y obra nueva.\n<\/br><\/br>\n\n\nNuestro enfoque se basa en la excelencia, la seguridad, la eficiencia y el respeto por el medio ambiente. Creemos en la importancia de construir relaciones duraderas con nuestros clientes, proveedores y colaboradores, siempre fomentando la confianza y la transparencia.\n<\/br><\/br>\n\n\nNos enorgullece ser una empresa que no solo construye estructuras, sino tambi\u00e9n sue\u00f1os y futuros. Estamos comprometidos con el desarrollo urbano y el progreso de las comunidades en las que operamos, buscando siempre contribuir al bienestar social y econ\u00f3mico a trav\u00e9s de nuestras obras.\n                                        <ul class=\"listext list-unstyled mb-30\">\n                    \t                        <li>\n                            <div class=\"listext-icon\"> <i class=\"norcon-d-check\"><\/i> <\/div>\n                            <div class=\"listext-text\">\n                                <p>M\u00e1s de 24 a\u00f1os de experiencia<\/p>\n                            <\/div>\n                        <\/li>\n                                            <\/ul>\n                    <div class=\"line-dec\"><\/div>\n                    <div class=\"about-bottom\"> <img decoding=\"async\" src=\"\" alt=\"\" class=\"image about-signature\">                    \t                    <\/div>\n                <\/div>\n                <div class=\"col-md-6\">\n                    <div class=\"about-img\"> <img decoding=\"async\" src=\"https:\/\/shtheme.com\/demosd\/norconwp\/wp-content\/uploads\/2022\/05\/about.jpg\" alt=\"\">\n                    \t                        <div class=\"about-img-hotifer\">\n                            <p>Marcamos la diferencia<\/p>\n                        <\/div>\n                                            <\/div>\n                <\/div>\n            <\/div>\n        <\/div>\n    <\/section>\n\t\t\t\t\t<\/div>\n\t\t\t\t<\/div>\n\t\t\t\t<div class=\"elementor-element elementor-element-0638d04 elementor-align-left elementor-widget elementor-widget-bdevs-about2\" data-id=\"0638d04\" data-element_type=\"widget\" data-widget_type=\"bdevs-about2.default\">\n\t\t\t\t<div class=\"elementor-widget-container\">\n\t\t\t\t\t \n<section class=\"about-info section-padding bg-gray\">\n    <div class=\"container\">\n        <div class=\"about-info\">\n            <div class=\"row\">\n            \t\t\t    \t                <div class=\"col-md-5\">\n                \t                    <div class=\"about-info-img mb-60\">\n                        <div class=\"img\"> <img decoding=\"async\" src=\"http:\/\/www.solucionesintegralesenconstruccion.com\/wp-content\/uploads\/2025\/01\/10-QUIENES-SOMOS-1.png\" class=\"img-fluid\" alt=\"\"> <\/div>\n                    <\/div>\n                                                            <div class=\"section-title2\">T\u00edtulo <span>temporal<\/span><\/div>\n                                                            <p>Build quis efficitur lacus sulvinar posuere augue eduis euro vesatien arcuman onteger leo nisl auctor ac aliquam asus nuis risus maecenas vitae tellus massa aselus.<\/p>\n                                    <\/div>\n                                \t\t    \t                <div class=\"col-md-6 offset-md-1 pt-60\">\n                                        <div class=\"section-title2\">T\u00edtulo <span>temporal<\/span><\/div>\n                                                            <p>Nulla quis efficitur lacus sulvinar posuere augue eduis euro vesatien arcuman onteger leo nisl auctor ac aliquam a placerat quis risus maecenas vitae tellus massa aselus faucibu in haretra.<\/p>\n                                                            <div class=\"about-info-img pt-60\">\n                        <div class=\"img\"> <img decoding=\"async\" src=\"http:\/\/www.solucionesintegralesenconstruccion.com\/wp-content\/uploads\/2025\/01\/12-QUIENES-SOMOS-3.png\" class=\"img-fluid\" alt=\"\"> <\/div>\n                    <\/div>\n                                    <\/div>\n                                \t\t    \t                <div class=\"col-md-5\">\n                \t                    <div class=\"about-info-img mb-60\">\n                        <div class=\"img\"> <img decoding=\"async\" src=\"http:\/\/www.solucionesintegralesenconstruccion.com\/wp-content\/uploads\/2025\/01\/11-QUIENES-SOMOS-2.png\" class=\"img-fluid\" alt=\"\"> <\/div>\n                    <\/div>\n                                                            <div class=\"section-title2\">T\u00edtulo <span>temporal<\/span><\/div>\n                                                            <p>Nulla quis efficitur lacus sulvinar posuere augue eduis euro vesatien arcuman onteger leo nisl auctor ac aliquam a placerat quis risus maecenas vitae tellus massa aselus faucibu in haretra.<\/p>\n                                    <\/div>\n                                \t\t    \t                <div class=\"col-md-6 offset-md-1 pt-60\">\n                                        <div class=\"section-title2\">T\u00edtulo <span>temporal<\/span><\/div>\n                                                            <p>Nulla quis efficitur lacus sulvinar posuere augue eduis euro vesatien arcuman onteger leo nisl auctor ac aliquam a placerat quis risus maecenas vitae tellus massa aselus faucibu in haretra.<\/p>\n                                                            <div class=\"about-info-img pt-60\">\n                        <div class=\"img\"> <img decoding=\"async\" src=\"http:\/\/www.solucionesintegralesenconstruccion.com\/wp-content\/uploads\/2025\/01\/13-QUIENES-SOMOS-2.png\" class=\"img-fluid\" alt=\"\"> <\/div>\n                    <\/div>\n                                    <\/div>\n                                            <\/div>\n        <\/div>\n    <\/div>\n<\/section>\n\t\t\t\t\t<\/div>\n\t\t\t\t<\/div>\n\t\t\t\t\t<\/div>\n\t\t<\/div>\n\t\t\t\t\t<\/div>\n\t\t<\/section>\n\t\t\t\t<\/div>","protected":false},"excerpt":{"rendered":"<p>Empresa de construcci\u00f3n Sobre Nosotros Empresa de construcci\u00f3n Qui\u00e9nes somos Somos una empresa de construcci\u00f3n comprometida con la creaci\u00f3n de proyectos de calidad que transforman espacios y comunidades. Desde nuestra fundaci\u00f3n en el a\u00f1o 2000, nos especializamos en ofrecer soluciones innovadoras y sostenibles, adapt\u00e1ndonos a las necesidades de cada cliente y superando sus expectativas. Con [&hellip;]<\/p>","protected":false},"author":1,"featured_media":0,"parent":0,"menu_order":0,"comment_status":"closed","ping_status":"closed","template":"page-templates\/home-page-1.php","meta":{"inline_featured_image":false,"footnotes":""},"class_list":["post-258","page","type-page","status-publish","hentry"],"yoast_head":"<!-- This site is optimized with the Yoast SEO plugin v26.5 - https:\/\/yoast.com\/wordpress\/plugins\/seo\/ -->\n<title>Sobre nosotros - Soluciones Integrales en Construcci\u00f3n<\/title>\n<meta name=\"robots\" content=\"index, follow, max-snippet:-1, max-image-preview:large, max-video-preview:-1\" \/>\n<link rel=\"canonical\" href=\"https:\/\/www.solucionesintegralesenconstruccion.com\/en\/sobre-nosotros\/\" \/>\n<meta property=\"og:locale\" content=\"en_US\" \/>\n<meta property=\"og:type\" content=\"article\" \/>\n<meta property=\"og:title\" content=\"Sobre nosotros - Soluciones Integrales en Construcci\u00f3n\" \/>\n<meta property=\"og:description\" content=\"Empresa de construcci\u00f3n Sobre Nosotros Empresa de construcci\u00f3n Qui\u00e9nes somos Somos una empresa de construcci\u00f3n comprometida con la creaci\u00f3n de proyectos de calidad que transforman espacios y comunidades. Desde nuestra fundaci\u00f3n en el a\u00f1o 2000, nos especializamos en ofrecer soluciones innovadoras y sostenibles, adapt\u00e1ndonos a las necesidades de cada cliente y superando sus expectativas. Con [&hellip;]\" \/>\n<meta property=\"og:url\" content=\"https:\/\/www.solucionesintegralesenconstruccion.com\/en\/sobre-nosotros\/\" \/>\n<meta property=\"og:site_name\" content=\"Soluciones Integrales en Construcci\u00f3n\" \/>\n<meta property=\"article:modified_time\" content=\"2025-05-14T09:48:58+00:00\" \/>\n<meta property=\"og:image\" content=\"https:\/\/shtheme.com\/demosd\/norconwp\/wp-content\/uploads\/2022\/05\/about.jpg\" \/>\n<meta name=\"twitter:card\" content=\"summary_large_image\" \/>\n<meta name=\"twitter:label1\" content=\"Est. reading time\" \/>\n\t<meta name=\"twitter:data1\" content=\"3 minutes\" \/>\n<script type=\"application\/ld+json\" class=\"yoast-schema-graph\">{\"@context\":\"https:\/\/schema.org\",\"@graph\":[{\"@type\":\"WebPage\",\"@id\":\"https:\/\/www.solucionesintegralesenconstruccion.com\/sobre-nosotros\/\",\"url\":\"https:\/\/www.solucionesintegralesenconstruccion.com\/sobre-nosotros\/\",\"name\":\"Sobre nosotros - Soluciones Integrales en Construcci\u00f3n\",\"isPartOf\":{\"@id\":\"https:\/\/www.solucionesintegralesenconstruccion.com\/#website\"},\"primaryImageOfPage\":{\"@id\":\"https:\/\/www.solucionesintegralesenconstruccion.com\/sobre-nosotros\/#primaryimage\"},\"image\":{\"@id\":\"https:\/\/www.solucionesintegralesenconstruccion.com\/sobre-nosotros\/#primaryimage\"},\"thumbnailUrl\":\"https:\/\/shtheme.com\/demosd\/norconwp\/wp-content\/uploads\/2022\/05\/about.jpg\",\"datePublished\":\"2022-05-09T03:24:27+00:00\",\"dateModified\":\"2025-05-14T09:48:58+00:00\",\"breadcrumb\":{\"@id\":\"https:\/\/www.solucionesintegralesenconstruccion.com\/sobre-nosotros\/#breadcrumb\"},\"inLanguage\":\"en-US\",\"potentialAction\":[{\"@type\":\"ReadAction\",\"target\":[\"https:\/\/www.solucionesintegralesenconstruccion.com\/sobre-nosotros\/\"]}]},{\"@type\":\"ImageObject\",\"inLanguage\":\"en-US\",\"@id\":\"https:\/\/www.solucionesintegralesenconstruccion.com\/sobre-nosotros\/#primaryimage\",\"url\":\"https:\/\/shtheme.com\/demosd\/norconwp\/wp-content\/uploads\/2022\/05\/about.jpg\",\"contentUrl\":\"https:\/\/shtheme.com\/demosd\/norconwp\/wp-content\/uploads\/2022\/05\/about.jpg\"},{\"@type\":\"BreadcrumbList\",\"@id\":\"https:\/\/www.solucionesintegralesenconstruccion.com\/sobre-nosotros\/#breadcrumb\",\"itemListElement\":[{\"@type\":\"ListItem\",\"position\":1,\"name\":\"Portada\",\"item\":\"https:\/\/www.solucionesintegralesenconstruccion.com\/\"},{\"@type\":\"ListItem\",\"position\":2,\"name\":\"Sobre nosotros\"}]},{\"@type\":\"WebSite\",\"@id\":\"https:\/\/www.solucionesintegralesenconstruccion.com\/#website\",\"url\":\"https:\/\/www.solucionesintegralesenconstruccion.com\/\",\"name\":\"Soluciones Integrales en Construcci\u00f3n\",\"description\":\"Empresa de asesor\u00eda y construcci\u00f3n. Especialistas en dise\u00f1ar, proyectar y reformar, actualizar y mejorar tus espacios cotidianos, viviendas, locales y oficinas.\",\"publisher\":{\"@id\":\"https:\/\/www.solucionesintegralesenconstruccion.com\/#organization\"},\"potentialAction\":[{\"@type\":\"SearchAction\",\"target\":{\"@type\":\"EntryPoint\",\"urlTemplate\":\"https:\/\/www.solucionesintegralesenconstruccion.com\/?s={search_term_string}\"},\"query-input\":{\"@type\":\"PropertyValueSpecification\",\"valueRequired\":true,\"valueName\":\"search_term_string\"}}],\"inLanguage\":\"en-US\"},{\"@type\":\"Organization\",\"@id\":\"https:\/\/www.solucionesintegralesenconstruccion.com\/#organization\",\"name\":\"Soluciones Integrales en Construcci\u00f3n\",\"url\":\"https:\/\/www.solucionesintegralesenconstruccion.com\/\",\"logo\":{\"@type\":\"ImageObject\",\"inLanguage\":\"en-US\",\"@id\":\"https:\/\/www.solucionesintegralesenconstruccion.com\/#\/schema\/logo\/image\/\",\"url\":\"https:\/\/www.solucionesintegralesenconstruccion.com\/wp-content\/uploads\/2024\/11\/logo-vectorizado.png\",\"contentUrl\":\"https:\/\/www.solucionesintegralesenconstruccion.com\/wp-content\/uploads\/2024\/11\/logo-vectorizado.png\",\"width\":10999,\"height\":11005,\"caption\":\"Soluciones Integrales en Construcci\u00f3n\"},\"image\":{\"@id\":\"https:\/\/www.solucionesintegralesenconstruccion.com\/#\/schema\/logo\/image\/\"}}]}<\/script>\n<!-- \/ Yoast SEO plugin. -->","yoast_head_json":{"title":"Sobre nosotros - Soluciones Integrales en Construcci\u00f3n","robots":{"index":"index","follow":"follow","max-snippet":"max-snippet:-1","max-image-preview":"max-image-preview:large","max-video-preview":"max-video-preview:-1"},"canonical":"https:\/\/www.solucionesintegralesenconstruccion.com\/en\/sobre-nosotros\/","og_locale":"en_US","og_type":"article","og_title":"Sobre nosotros - Soluciones Integrales en Construcci\u00f3n","og_description":"Empresa de construcci\u00f3n Sobre Nosotros Empresa de construcci\u00f3n Qui\u00e9nes somos Somos una empresa de construcci\u00f3n comprometida con la creaci\u00f3n de proyectos de calidad que transforman espacios y comunidades. Desde nuestra fundaci\u00f3n en el a\u00f1o 2000, nos especializamos en ofrecer soluciones innovadoras y sostenibles, adapt\u00e1ndonos a las necesidades de cada cliente y superando sus expectativas. Con [&hellip;]","og_url":"https:\/\/www.solucionesintegralesenconstruccion.com\/en\/sobre-nosotros\/","og_site_name":"Soluciones Integrales en Construcci\u00f3n","article_modified_time":"2025-05-14T09:48:58+00:00","og_image":[{"url":"https:\/\/shtheme.com\/demosd\/norconwp\/wp-content\/uploads\/2022\/05\/about.jpg","type":"","width":"","height":""}],"twitter_card":"summary_large_image","twitter_misc":{"Est. reading time":"3 minutes"},"schema":{"@context":"https:\/\/schema.org","@graph":[{"@type":"WebPage","@id":"https:\/\/www.solucionesintegralesenconstruccion.com\/sobre-nosotros\/","url":"https:\/\/www.solucionesintegralesenconstruccion.com\/sobre-nosotros\/","name":"Sobre nosotros - Soluciones Integrales en Construcci\u00f3n","isPartOf":{"@id":"https:\/\/www.solucionesintegralesenconstruccion.com\/#website"},"primaryImageOfPage":{"@id":"https:\/\/www.solucionesintegralesenconstruccion.com\/sobre-nosotros\/#primaryimage"},"image":{"@id":"https:\/\/www.solucionesintegralesenconstruccion.com\/sobre-nosotros\/#primaryimage"},"thumbnailUrl":"https:\/\/shtheme.com\/demosd\/norconwp\/wp-content\/uploads\/2022\/05\/about.jpg","datePublished":"2022-05-09T03:24:27+00:00","dateModified":"2025-05-14T09:48:58+00:00","breadcrumb":{"@id":"https:\/\/www.solucionesintegralesenconstruccion.com\/sobre-nosotros\/#breadcrumb"},"inLanguage":"en-US","potentialAction":[{"@type":"ReadAction","target":["https:\/\/www.solucionesintegralesenconstruccion.com\/sobre-nosotros\/"]}]},{"@type":"ImageObject","inLanguage":"en-US","@id":"https:\/\/www.solucionesintegralesenconstruccion.com\/sobre-nosotros\/#primaryimage","url":"https:\/\/shtheme.com\/demosd\/norconwp\/wp-content\/uploads\/2022\/05\/about.jpg","contentUrl":"https:\/\/shtheme.com\/demosd\/norconwp\/wp-content\/uploads\/2022\/05\/about.jpg"},{"@type":"BreadcrumbList","@id":"https:\/\/www.solucionesintegralesenconstruccion.com\/sobre-nosotros\/#breadcrumb","itemListElement":[{"@type":"ListItem","position":1,"name":"Portada","item":"https:\/\/www.solucionesintegralesenconstruccion.com\/"},{"@type":"ListItem","position":2,"name":"Sobre nosotros"}]},{"@type":"WebSite","@id":"https:\/\/www.solucionesintegralesenconstruccion.com\/#website","url":"https:\/\/www.solucionesintegralesenconstruccion.com\/","name":"Soluciones Integrales en Construcci\u00f3n","description":"Empresa de asesor\u00eda y construcci\u00f3n. Especialistas en dise\u00f1ar, proyectar y reformar, actualizar y mejorar tus espacios cotidianos, viviendas, locales y oficinas.","publisher":{"@id":"https:\/\/www.solucionesintegralesenconstruccion.com\/#organization"},"potentialAction":[{"@type":"SearchAction","target":{"@type":"EntryPoint","urlTemplate":"https:\/\/www.solucionesintegralesenconstruccion.com\/?s={search_term_string}"},"query-input":{"@type":"PropertyValueSpecification","valueRequired":true,"valueName":"search_term_string"}}],"inLanguage":"en-US"},{"@type":"Organization","@id":"https:\/\/www.solucionesintegralesenconstruccion.com\/#organization","name":"Soluciones Integrales en Construcci\u00f3n","url":"https:\/\/www.solucionesintegralesenconstruccion.com\/","logo":{"@type":"ImageObject","inLanguage":"en-US","@id":"https:\/\/www.solucionesintegralesenconstruccion.com\/#\/schema\/logo\/image\/","url":"https:\/\/www.solucionesintegralesenconstruccion.com\/wp-content\/uploads\/2024\/11\/logo-vectorizado.png","contentUrl":"https:\/\/www.solucionesintegralesenconstruccion.com\/wp-content\/uploads\/2024\/11\/logo-vectorizado.png","width":10999,"height":11005,"caption":"Soluciones Integrales en Construcci\u00f3n"},"image":{"@id":"https:\/\/www.solucionesintegralesenconstruccion.com\/#\/schema\/logo\/image\/"}}]}},"_links":{"self":[{"href":"https:\/\/www.solucionesintegralesenconstruccion.com\/en\/wp-json\/wp\/v2\/pages\/258","targetHints":{"allow":["GET"]}}],"collection":[{"href":"https:\/\/www.solucionesintegralesenconstruccion.com\/en\/wp-json\/wp\/v2\/pages"}],"about":[{"href":"https:\/\/www.solucionesintegralesenconstruccion.com\/en\/wp-json\/wp\/v2\/types\/page"}],"author":[{"embeddable":true,"href":"https:\/\/www.solucionesintegralesenconstruccion.com\/en\/wp-json\/wp\/v2\/users\/1"}],"replies":[{"embeddable":true,"href":"https:\/\/www.solucionesintegralesenconstruccion.com\/en\/wp-json\/wp\/v2\/comments?post=258"}],"version-history":[{"count":41,"href":"https:\/\/www.solucionesintegralesenconstruccion.com\/en\/wp-json\/wp\/v2\/pages\/258\/revisions"}],"predecessor-version":[{"id":1406,"href":"https:\/\/www.solucionesintegralesenconstruccion.com\/en\/wp-json\/wp\/v2\/pages\/258\/revisions\/1406"}],"wp:attachment":[{"href":"https:\/\/www.solucionesintegralesenconstruccion.com\/en\/wp-json\/wp\/v2\/media?parent=258"}],"curies":[{"name":"wp","href":"https:\/\/api.w.org\/{rel}","templated":true}]}}